{"id":853,"date":"2025-02-21T07:58:01","date_gmt":"2025-02-21T06:58:01","guid":{"rendered":"https:\/\/heimag.net\/?page_id=853"},"modified":"2025-07-06T20:49:56","modified_gmt":"2025-07-06T18:49:56","slug":"ausbildung-zum-industriemechaniker","status":"publish","type":"page","link":"https:\/\/heimag.net\/?page_id=853","title":{"rendered":"Ausbildung zum Industriemechaniker"},"content":{"rendered":"<h2 id=\"mcetoc_1ikjk1ct70\"><span style=\"color: #000000;\">Ausbildung zum Industriemechaniker 2026 (m\/w\/d)<\/span><\/h2>\n<p>Der Ausbildungsplatz als Industriemechaniker ist eine spannende und vielseitige M\u00f6glichkeit, in der Industrie Fu\u00df zu fassen. W\u00e4hrend der Ausbildung erlernst du, Maschinen und Produktionsanlagen zu montieren, zu warten und zu reparieren. Du wirst mit verschiedenen Materialien und Technologien arbeiten und bekommst ein tiefes Verst\u00e4ndnis f\u00fcr technische Zeichnungen und Fertigungsprozesse. Wenn du technisches Interesse hast und gerne praktisch arbeitest, k\u00f6nnte dieser Ausbildungsplatz genau das Richtige f\u00fcr dich sein! Bei der Heins Maschinentechnik GmbH, in 27356 Rotenburg-Mulmshorn, erwartet Dich eine abwechslungsreiche Ausbildung.<\/p>\n<p>F\u00fcr den Ausbildungsbeginn in 2025 suchen wir Dich als Auszubildenden zum Industriemechaniker (m\/w\/d) Maschinen- und Anlagenbau.<\/p>\n<p><strong>Aufgaben<\/strong><\/p>\n<ul>\n<li>Du lernst die Metallbearbeitung mit Werkzeugen und Maschinen kennen z.B. drehen, bohren, kanten, schwei\u00dfen<\/li>\n<li>Du lernst Werkstoffe, Fertigungsverfahren und Montagetechniken zu unterscheiden<\/li>\n<li>Du fertigst Einzelteile und funktionsf\u00e4hige Baugruppen, du f\u00fcgst Maschinen und Montageanlagen zusammen und nimmst diese in Betrieb<\/li>\n<li>Du sorgst f\u00fcr die Funktionsf\u00e4higkeit der Anlagen unserer Kunden und \u00fcbernimmst die<br \/>\nWartung und Reparatur<\/li>\n<li>Du lernst den Umgang mit technischen Zeichnungen<\/li>\n<\/ul>\n<p><strong>Qualifikation<\/strong><\/p>\n<ul>\n<li>Du hast die Schule mit einem guten Haupt- oder Realschulabschluss erfolgreich abgeschlossen und dabei gute Noten in Mathe und Physik<\/li>\n<li>Dich zeichnen ein gutes technisches Verst\u00e4ndnis und r\u00e4umliches Vorstellungsverm\u00f6gen aus<\/li>\n<li>Du bist handwerklich geschickt<\/li>\n<li>Du bist hochmotiviert Dich w\u00e4hrend Deiner Ausbildung aktiv einzubringen und zu lernen<\/li>\n<li>Du arbeitest gerne im Team und tauscht dich mit deinen Kolleginnen und Kollegen aus<\/li>\n<li>Du hast einen F\u00fchrerschein und bist mobil<\/li>\n<\/ul>\n<p><strong>Wir bieten<\/strong><\/p>\n<p>Wir bieten Dir einen zukunftssicheren und vielseitigen Arbeitsplatz in einem Mittelstandsunternehmen mit kurzen Entscheidungswegen. Dar\u00fcber hinaus bieten wir Dir folgendes:<\/p>\n<ul>\n<li>Eine spannende und qualifizierte Ausbildung<\/li>\n<li>Gute \u00dcbernahmechancen<\/li>\n<li>Ein Team netter Kollegen\/-innen und eine kollegiale Atmosph\u00e4re<\/li>\n<li>Attraktive Konditionen<\/li>\n<li>Sonderzahlungen wie Zeugnis- und Abschlusspr\u00e4mien<\/li>\n<li>Kosten\u00fcbernahme f\u00fcr Lehrmittel<\/li>\n<li>Betriebliche Altersvorsorge mit attraktivem Arbeitgeberanteil nach der Probezeit<\/li>\n<li>Die Aussicht auf eine langfristige, vertrauensvolle Zusammenarbeit<\/li>\n<\/ul>\n<p>Wir freuen uns auf Deine vollst\u00e4ndige Bewerbung mit Anschreiben, Lebenslauf, den letzten zwei Zeugnissen sowie ggf. weiteren Unterlagen.<br \/>\nSende uns deine Bewerbung gerne per E-Mail an <a href=\"mailto:j.brinkmann@heimag.net\">j.brinkmann@heimag.net<\/a><br \/>\nDu hast Fragen? Dann melde Dich gerne telefonisch bei J\u00f6rg Brinkmann unter 0176 \u201321787201<\/p>\n","protected":false},"excerpt":{"rendered":"<p>Ausbildung zum Industriemechaniker 2026 (m\/w\/d) Der Ausbildungsplatz als Industriemechaniker ist eine spannende und vielseitige M\u00f6glichkeit, in der Industrie Fu\u00df zu fassen. W\u00e4hrend der Ausbildung erlernst du, Maschinen und Produktionsanlagen zu montieren, zu warten und zu reparieren. Du wirst mit verschiedenen Materialien und Technologien arbeiten und bekommst ein tiefes Verst\u00e4ndnis f\u00fcr technische Zeichnungen und Fertigungsprozesse. Wenn<\/p>\n","protected":false},"author":1,"featured_media":0,"parent":77,"menu_order":0,"comment_status":"closed","ping_status":"closed","template":"","meta":{"footnotes":""},"class_list":["post-853","page","type-page","status-publish","hentry"],"yoast_head":"<!-- This site is optimized with the Yoast SEO plugin v26.7 - https:\/\/yoast.com\/wordpress\/plugins\/seo\/ -->\n<title>Ausbildung zum Industriemechaniker - Heins Maschinentechnik<\/title>\n<meta name=\"robots\" content=\"index, follow, max-snippet:-1, max-image-preview:large, max-video-preview:-1\" \/>\n<link rel=\"canonical\" href=\"https:\/\/heimag.net\/?page_id=853\" \/>\n<meta property=\"og:locale\" content=\"de_DE\" \/>\n<meta property=\"og:type\" content=\"article\" \/>\n<meta property=\"og:title\" content=\"Ausbildung zum Industriemechaniker - Heins Maschinentechnik\" \/>\n<meta property=\"og:description\" content=\"Ausbildung zum Industriemechaniker 2026 (m\/w\/d) Der Ausbildungsplatz als Industriemechaniker ist eine spannende und vielseitige M\u00f6glichkeit, in der Industrie Fu\u00df zu fassen. W\u00e4hrend der Ausbildung erlernst du, Maschinen und Produktionsanlagen zu montieren, zu warten und zu reparieren. Du wirst mit verschiedenen Materialien und Technologien arbeiten und bekommst ein tiefes Verst\u00e4ndnis f\u00fcr technische Zeichnungen und Fertigungsprozesse. Wenn\" \/>\n<meta property=\"og:url\" content=\"https:\/\/heimag.net\/?page_id=853\" \/>\n<meta property=\"og:site_name\" content=\"Heins Maschinentechnik\" \/>\n<meta property=\"article:modified_time\" content=\"2025-07-06T18:49:56+00:00\" \/>\n<meta name=\"twitter:card\" content=\"summary_large_image\" \/>\n<meta name=\"twitter:label1\" content=\"Gesch\u00e4tzte Lesezeit\" \/>\n\t<meta name=\"twitter:data1\" content=\"2\u00a0Minuten\" \/>\n<script type=\"application\/ld+json\" class=\"yoast-schema-graph\">{\"@context\":\"https:\/\/schema.org\",\"@graph\":[{\"@type\":\"WebPage\",\"@id\":\"https:\/\/heimag.net\/?page_id=853\",\"url\":\"https:\/\/heimag.net\/?page_id=853\",\"name\":\"Ausbildung zum Industriemechaniker - Heins Maschinentechnik\",\"isPartOf\":{\"@id\":\"https:\/\/heimag.net\/#website\"},\"datePublished\":\"2025-02-21T06:58:01+00:00\",\"dateModified\":\"2025-07-06T18:49:56+00:00\",\"breadcrumb\":{\"@id\":\"https:\/\/heimag.net\/?page_id=853#breadcrumb\"},\"inLanguage\":\"de\",\"potentialAction\":[{\"@type\":\"ReadAction\",\"target\":[\"https:\/\/heimag.net\/?page_id=853\"]}]},{\"@type\":\"BreadcrumbList\",\"@id\":\"https:\/\/heimag.net\/?page_id=853#breadcrumb\",\"itemListElement\":[{\"@type\":\"ListItem\",\"position\":1,\"name\":\"Startseite\",\"item\":\"https:\/\/heimag.net\/\"},{\"@type\":\"ListItem\",\"position\":2,\"name\":\"Karriere\",\"item\":\"http:\/\/heimag.net\/?page_id=77\"},{\"@type\":\"ListItem\",\"position\":3,\"name\":\"Ausbildung zum Industriemechaniker\"}]},{\"@type\":\"WebSite\",\"@id\":\"https:\/\/heimag.net\/#website\",\"url\":\"https:\/\/heimag.net\/\",\"name\":\"Heins Maschinentechnik\",\"description\":\"- Wir erwecken Metall zum Leben -\",\"publisher\":{\"@id\":\"https:\/\/heimag.net\/#organization\"},\"potentialAction\":[{\"@type\":\"SearchAction\",\"target\":{\"@type\":\"EntryPoint\",\"urlTemplate\":\"https:\/\/heimag.net\/?s={search_term_string}\"},\"query-input\":{\"@type\":\"PropertyValueSpecification\",\"valueRequired\":true,\"valueName\":\"search_term_string\"}}],\"inLanguage\":\"de\"},{\"@type\":\"Organization\",\"@id\":\"https:\/\/heimag.net\/#organization\",\"name\":\"Heins Maschinentechnik\",\"url\":\"https:\/\/heimag.net\/\",\"logo\":{\"@type\":\"ImageObject\",\"inLanguage\":\"de\",\"@id\":\"https:\/\/heimag.net\/#\/schema\/logo\/image\/\",\"url\":\"https:\/\/heimag.net\/wp-content\/uploads\/2019\/10\/cropped-Heimag_transp-1.png\",\"contentUrl\":\"https:\/\/heimag.net\/wp-content\/uploads\/2019\/10\/cropped-Heimag_transp-1.png\",\"width\":989,\"height\":278,\"caption\":\"Heins Maschinentechnik\"},\"image\":{\"@id\":\"https:\/\/heimag.net\/#\/schema\/logo\/image\/\"}}]}<\/script>\n<!-- \/ Yoast SEO plugin. -->","yoast_head_json":{"title":"Ausbildung zum Industriemechaniker - Heins Maschinentechnik","robots":{"index":"index","follow":"follow","max-snippet":"max-snippet:-1","max-image-preview":"max-image-preview:large","max-video-preview":"max-video-preview:-1"},"canonical":"https:\/\/heimag.net\/?page_id=853","og_locale":"de_DE","og_type":"article","og_title":"Ausbildung zum Industriemechaniker - Heins Maschinentechnik","og_description":"Ausbildung zum Industriemechaniker 2026 (m\/w\/d) Der Ausbildungsplatz als Industriemechaniker ist eine spannende und vielseitige M\u00f6glichkeit, in der Industrie Fu\u00df zu fassen. W\u00e4hrend der Ausbildung erlernst du, Maschinen und Produktionsanlagen zu montieren, zu warten und zu reparieren. Du wirst mit verschiedenen Materialien und Technologien arbeiten und bekommst ein tiefes Verst\u00e4ndnis f\u00fcr technische Zeichnungen und Fertigungsprozesse. Wenn","og_url":"https:\/\/heimag.net\/?page_id=853","og_site_name":"Heins Maschinentechnik","article_modified_time":"2025-07-06T18:49:56+00:00","twitter_card":"summary_large_image","twitter_misc":{"Gesch\u00e4tzte Lesezeit":"2\u00a0Minuten"},"schema":{"@context":"https:\/\/schema.org","@graph":[{"@type":"WebPage","@id":"https:\/\/heimag.net\/?page_id=853","url":"https:\/\/heimag.net\/?page_id=853","name":"Ausbildung zum Industriemechaniker - Heins Maschinentechnik","isPartOf":{"@id":"https:\/\/heimag.net\/#website"},"datePublished":"2025-02-21T06:58:01+00:00","dateModified":"2025-07-06T18:49:56+00:00","breadcrumb":{"@id":"https:\/\/heimag.net\/?page_id=853#breadcrumb"},"inLanguage":"de","potentialAction":[{"@type":"ReadAction","target":["https:\/\/heimag.net\/?page_id=853"]}]},{"@type":"BreadcrumbList","@id":"https:\/\/heimag.net\/?page_id=853#breadcrumb","itemListElement":[{"@type":"ListItem","position":1,"name":"Startseite","item":"https:\/\/heimag.net\/"},{"@type":"ListItem","position":2,"name":"Karriere","item":"http:\/\/heimag.net\/?page_id=77"},{"@type":"ListItem","position":3,"name":"Ausbildung zum Industriemechaniker"}]},{"@type":"WebSite","@id":"https:\/\/heimag.net\/#website","url":"https:\/\/heimag.net\/","name":"Heins Maschinentechnik","description":"- Wir erwecken Metall zum Leben -","publisher":{"@id":"https:\/\/heimag.net\/#organization"},"potentialAction":[{"@type":"SearchAction","target":{"@type":"EntryPoint","urlTemplate":"https:\/\/heimag.net\/?s={search_term_string}"},"query-input":{"@type":"PropertyValueSpecification","valueRequired":true,"valueName":"search_term_string"}}],"inLanguage":"de"},{"@type":"Organization","@id":"https:\/\/heimag.net\/#organization","name":"Heins Maschinentechnik","url":"https:\/\/heimag.net\/","logo":{"@type":"ImageObject","inLanguage":"de","@id":"https:\/\/heimag.net\/#\/schema\/logo\/image\/","url":"https:\/\/heimag.net\/wp-content\/uploads\/2019\/10\/cropped-Heimag_transp-1.png","contentUrl":"https:\/\/heimag.net\/wp-content\/uploads\/2019\/10\/cropped-Heimag_transp-1.png","width":989,"height":278,"caption":"Heins Maschinentechnik"},"image":{"@id":"https:\/\/heimag.net\/#\/schema\/logo\/image\/"}}]}},"_links":{"self":[{"href":"https:\/\/heimag.net\/index.php?rest_route=\/wp\/v2\/pages\/853","targetHints":{"allow":["GET"]}}],"collection":[{"href":"https:\/\/heimag.net\/index.php?rest_route=\/wp\/v2\/pages"}],"about":[{"href":"https:\/\/heimag.net\/index.php?rest_route=\/wp\/v2\/types\/page"}],"author":[{"embeddable":true,"href":"https:\/\/heimag.net\/index.php?rest_route=\/wp\/v2\/users\/1"}],"replies":[{"embeddable":true,"href":"https:\/\/heimag.net\/index.php?rest_route=%2Fwp%2Fv2%2Fcomments&post=853"}],"version-history":[{"count":9,"href":"https:\/\/heimag.net\/index.php?rest_route=\/wp\/v2\/pages\/853\/revisions"}],"predecessor-version":[{"id":876,"href":"https:\/\/heimag.net\/index.php?rest_route=\/wp\/v2\/pages\/853\/revisions\/876"}],"up":[{"embeddable":true,"href":"https:\/\/heimag.net\/index.php?rest_route=\/wp\/v2\/pages\/77"}],"wp:attachment":[{"href":"https:\/\/heimag.net\/index.php?rest_route=%2Fwp%2Fv2%2Fmedia&parent=853"}],"curies":[{"name":"wp","href":"https:\/\/api.w.org\/{rel}","templated":true}]}}