{"id":72,"date":"2019-10-11T11:50:49","date_gmt":"2019-10-11T09:50:49","guid":{"rendered":"http:\/\/heimag.net\/?page_id=72"},"modified":"2019-11-12T08:53:32","modified_gmt":"2019-11-12T07:53:32","slug":"ueber-uns","status":"publish","type":"page","link":"https:\/\/heimag.net\/?page_id=72","title":{"rendered":"\u00dcber uns"},"content":{"rendered":"<p><img loading=\"lazy\" decoding=\"async\" src=\"http:\/\/heimag.net\/wp-content\/uploads\/2019\/10\/Heimag_transp-300x300.png\" alt=\"\" width=\"174\" height=\"174\" class=\"alignnone wp-image-55\" srcset=\"https:\/\/heimag.net\/wp-content\/uploads\/2019\/10\/Heimag_transp-300x300.png 300w, https:\/\/heimag.net\/wp-content\/uploads\/2019\/10\/Heimag_transp-150x150.png 150w, https:\/\/heimag.net\/wp-content\/uploads\/2019\/10\/Heimag_transp-768x768.png 768w, https:\/\/heimag.net\/wp-content\/uploads\/2019\/10\/Heimag_transp.png 989w\" sizes=\"auto, (max-width: 174px) 100vw, 174px\" \/><br \/>\n<span style=\"color: #808080;\"><span style=\"text-decoration: underline;\"><strong>\u00dcber Heins Maschinentechnik GmbH<\/strong><\/span><\/span><\/p>\n<p><span style=\"color: #808080; font-size: 14px;\">Der Ursprung des Unternehmens geht in das Jahr <span style=\"color: #3366ff;\"><strong>1830<\/strong><\/span> zur\u00fcck.<\/span><br \/>\n<span style=\"color: #808080; font-size: 14px;\">Die H.F. Maack Wagenfabrik GmbH + Co. KG produzierte in Visselh\u00f6vede Spezialanh\u00e4nger.<\/span><\/p>\n<p><span style=\"font-size: 14px;\"><span style=\"color: #3366ff;\"><strong>1985 <\/strong><\/span><span style=\"color: #808080;\">erfolgte die \u00dcbernahme des Unternehmens durch die Heins Bau Gruppe.<br \/>\nJetzt entstand die Heins Maschinentechnik GmbH.<\/span><\/span><\/p>\n<p><span style=\"font-size: 14px;\"><span style=\"color: #3366ff;\"><strong>1988 <\/strong><\/span><span style=\"color: #808080;\">wurde der Betrieb der Heins Maschinentechnik GmbH von Visselh\u00f6vede nach Heeslingen verlagert<br \/>\n<\/span><\/span><span style=\"color: #808080; font-size: 14px;\">und die Gesch\u00e4ftst\u00e4tigkeit vom Fahrzeugbau auf die Bereiche F\u00f6rdertechnik und Stahlbau neu ausgerichtet.\u00a0<\/span><\/p>\n<p><span style=\"color: #0000ff; font-size: 14px;\"><span style=\"color: #3366ff;\"><strong><span style=\"color: #3366ff;\">2005<\/span><\/strong><span style=\"color: #808080;\"> erfolgte die \u00dcbernahme durch die heutigen Gesellschafter im Rahmen eines <span>MbO<\/span><\/span><\/span><span style=\"color: #808080;\"><span style=\"font-size: 14px;\"> .<\/span><\/span><\/span><\/p>\n<p><span style=\"font-size: 14px;\"><span style=\"color: #3366ff;\"><strong>2017<\/strong><\/span><span style=\"color: #808080;\"> sind wir in unser neues Firmengeb\u00e4ude in Rotenburg-Mulmshorn direkt an der Autobahn A1 gezogen. ( Ausfahrt 49; Bockel A1 )<\/span><\/span><\/p>\n<p><strong><span style=\"font-size: 14px; color: #3366ff;\">2019 <\/span><\/strong><span style=\"font-size: 14px; color: #808080;\">besch\u00e4ftigt Heins Maschinentechnik ( <span style=\"color: #3366ff;\"><strong>Heimag<\/strong><\/span> ) 40 Mitarbeiter.<\/span><\/p>\n<p>&nbsp;<\/p>\n<p>&nbsp;<\/p>\n","protected":false},"excerpt":{"rendered":"<p>\u00dcber Heins Maschinentechnik GmbH Der Ursprung des Unternehmens geht in das Jahr 1830 zur\u00fcck. Die H.F. Maack Wagenfabrik GmbH + Co. KG produzierte in Visselh\u00f6vede Spezialanh\u00e4nger. 1985 erfolgte die \u00dcbernahme des Unternehmens durch die Heins Bau Gruppe. Jetzt entstand die Heins Maschinentechnik GmbH. 1988 wurde der Betrieb der Heins Maschinentechnik GmbH von Visselh\u00f6vede nach Heeslingen<\/p>\n","protected":false},"author":1,"featured_media":0,"parent":0,"menu_order":0,"comment_status":"closed","ping_status":"open","template":"","meta":{"footnotes":""},"class_list":["post-72","page","type-page","status-publish","hentry"],"yoast_head":"<!-- This site is optimized with the Yoast SEO plugin v26.7 - https:\/\/yoast.com\/wordpress\/plugins\/seo\/ -->\n<title>\u00dcber uns - Heins Maschinentechnik<\/title>\n<meta name=\"robots\" content=\"index, follow, max-snippet:-1, max-image-preview:large, max-video-preview:-1\" \/>\n<link rel=\"canonical\" href=\"http:\/\/heimag.net\/?page_id=72\" \/>\n<meta property=\"og:locale\" content=\"de_DE\" \/>\n<meta property=\"og:type\" content=\"article\" \/>\n<meta property=\"og:title\" content=\"\u00dcber uns - Heins Maschinentechnik\" \/>\n<meta property=\"og:description\" content=\"\u00dcber Heins Maschinentechnik GmbH Der Ursprung des Unternehmens geht in das Jahr 1830 zur\u00fcck. Die H.F. Maack Wagenfabrik GmbH + Co. KG produzierte in Visselh\u00f6vede Spezialanh\u00e4nger. 1985 erfolgte die \u00dcbernahme des Unternehmens durch die Heins Bau Gruppe. Jetzt entstand die Heins Maschinentechnik GmbH. 1988 wurde der Betrieb der Heins Maschinentechnik GmbH von Visselh\u00f6vede nach Heeslingen\" \/>\n<meta property=\"og:url\" content=\"http:\/\/heimag.net\/?page_id=72\" \/>\n<meta property=\"og:site_name\" content=\"Heins Maschinentechnik\" \/>\n<meta property=\"article:modified_time\" content=\"2019-11-12T07:53:32+00:00\" \/>\n<meta property=\"og:image\" content=\"http:\/\/heimag.net\/wp-content\/uploads\/2019\/10\/Heimag_transp-300x300.png\" \/>\n<meta name=\"twitter:card\" content=\"summary_large_image\" \/>\n<meta name=\"twitter:label1\" content=\"Gesch\u00e4tzte Lesezeit\" \/>\n\t<meta name=\"twitter:data1\" content=\"1\u00a0Minute\" \/>\n<script type=\"application\/ld+json\" class=\"yoast-schema-graph\">{\"@context\":\"https:\/\/schema.org\",\"@graph\":[{\"@type\":\"WebPage\",\"@id\":\"http:\/\/heimag.net\/?page_id=72\",\"url\":\"http:\/\/heimag.net\/?page_id=72\",\"name\":\"\u00dcber uns - Heins Maschinentechnik\",\"isPartOf\":{\"@id\":\"http:\/\/heimag.net\/#website\"},\"primaryImageOfPage\":{\"@id\":\"http:\/\/heimag.net\/?page_id=72#primaryimage\"},\"image\":{\"@id\":\"http:\/\/heimag.net\/?page_id=72#primaryimage\"},\"thumbnailUrl\":\"http:\/\/heimag.net\/wp-content\/uploads\/2019\/10\/Heimag_transp-300x300.png\",\"datePublished\":\"2019-10-11T09:50:49+00:00\",\"dateModified\":\"2019-11-12T07:53:32+00:00\",\"breadcrumb\":{\"@id\":\"http:\/\/heimag.net\/?page_id=72#breadcrumb\"},\"inLanguage\":\"de\",\"potentialAction\":[{\"@type\":\"ReadAction\",\"target\":[\"http:\/\/heimag.net\/?page_id=72\"]}]},{\"@type\":\"ImageObject\",\"inLanguage\":\"de\",\"@id\":\"http:\/\/heimag.net\/?page_id=72#primaryimage\",\"url\":\"https:\/\/heimag.net\/wp-content\/uploads\/2019\/10\/Heimag_transp.png\",\"contentUrl\":\"https:\/\/heimag.net\/wp-content\/uploads\/2019\/10\/Heimag_transp.png\",\"width\":989,\"height\":989,\"caption\":\"Heins, Heimag, heins bau, Heins stahl bau,\"},{\"@type\":\"BreadcrumbList\",\"@id\":\"http:\/\/heimag.net\/?page_id=72#breadcrumb\",\"itemListElement\":[{\"@type\":\"ListItem\",\"position\":1,\"name\":\"Startseite\",\"item\":\"http:\/\/heimag.net\/\"},{\"@type\":\"ListItem\",\"position\":2,\"name\":\"\u00dcber uns\"}]},{\"@type\":\"WebSite\",\"@id\":\"http:\/\/heimag.net\/#website\",\"url\":\"http:\/\/heimag.net\/\",\"name\":\"Heins Maschinentechnik\",\"description\":\"- Wir erwecken Metall zum Leben -\",\"publisher\":{\"@id\":\"http:\/\/heimag.net\/#organization\"},\"potentialAction\":[{\"@type\":\"SearchAction\",\"target\":{\"@type\":\"EntryPoint\",\"urlTemplate\":\"http:\/\/heimag.net\/?s={search_term_string}\"},\"query-input\":{\"@type\":\"PropertyValueSpecification\",\"valueRequired\":true,\"valueName\":\"search_term_string\"}}],\"inLanguage\":\"de\"},{\"@type\":\"Organization\",\"@id\":\"http:\/\/heimag.net\/#organization\",\"name\":\"Heins Maschinentechnik\",\"url\":\"http:\/\/heimag.net\/\",\"logo\":{\"@type\":\"ImageObject\",\"inLanguage\":\"de\",\"@id\":\"http:\/\/heimag.net\/#\/schema\/logo\/image\/\",\"url\":\"https:\/\/heimag.net\/wp-content\/uploads\/2019\/10\/cropped-Heimag_transp-1.png\",\"contentUrl\":\"https:\/\/heimag.net\/wp-content\/uploads\/2019\/10\/cropped-Heimag_transp-1.png\",\"width\":989,\"height\":278,\"caption\":\"Heins Maschinentechnik\"},\"image\":{\"@id\":\"http:\/\/heimag.net\/#\/schema\/logo\/image\/\"}}]}<\/script>\n<!-- \/ Yoast SEO plugin. -->","yoast_head_json":{"title":"\u00dcber uns - Heins Maschinentechnik","robots":{"index":"index","follow":"follow","max-snippet":"max-snippet:-1","max-image-preview":"max-image-preview:large","max-video-preview":"max-video-preview:-1"},"canonical":"http:\/\/heimag.net\/?page_id=72","og_locale":"de_DE","og_type":"article","og_title":"\u00dcber uns - Heins Maschinentechnik","og_description":"\u00dcber Heins Maschinentechnik GmbH Der Ursprung des Unternehmens geht in das Jahr 1830 zur\u00fcck. Die H.F. Maack Wagenfabrik GmbH + Co. KG produzierte in Visselh\u00f6vede Spezialanh\u00e4nger. 1985 erfolgte die \u00dcbernahme des Unternehmens durch die Heins Bau Gruppe. Jetzt entstand die Heins Maschinentechnik GmbH. 1988 wurde der Betrieb der Heins Maschinentechnik GmbH von Visselh\u00f6vede nach Heeslingen","og_url":"http:\/\/heimag.net\/?page_id=72","og_site_name":"Heins Maschinentechnik","article_modified_time":"2019-11-12T07:53:32+00:00","og_image":[{"url":"http:\/\/heimag.net\/wp-content\/uploads\/2019\/10\/Heimag_transp-300x300.png","type":"","width":"","height":""}],"twitter_card":"summary_large_image","twitter_misc":{"Gesch\u00e4tzte Lesezeit":"1\u00a0Minute"},"schema":{"@context":"https:\/\/schema.org","@graph":[{"@type":"WebPage","@id":"http:\/\/heimag.net\/?page_id=72","url":"http:\/\/heimag.net\/?page_id=72","name":"\u00dcber uns - Heins Maschinentechnik","isPartOf":{"@id":"http:\/\/heimag.net\/#website"},"primaryImageOfPage":{"@id":"http:\/\/heimag.net\/?page_id=72#primaryimage"},"image":{"@id":"http:\/\/heimag.net\/?page_id=72#primaryimage"},"thumbnailUrl":"http:\/\/heimag.net\/wp-content\/uploads\/2019\/10\/Heimag_transp-300x300.png","datePublished":"2019-10-11T09:50:49+00:00","dateModified":"2019-11-12T07:53:32+00:00","breadcrumb":{"@id":"http:\/\/heimag.net\/?page_id=72#breadcrumb"},"inLanguage":"de","potentialAction":[{"@type":"ReadAction","target":["http:\/\/heimag.net\/?page_id=72"]}]},{"@type":"ImageObject","inLanguage":"de","@id":"http:\/\/heimag.net\/?page_id=72#primaryimage","url":"https:\/\/heimag.net\/wp-content\/uploads\/2019\/10\/Heimag_transp.png","contentUrl":"https:\/\/heimag.net\/wp-content\/uploads\/2019\/10\/Heimag_transp.png","width":989,"height":989,"caption":"Heins, Heimag, heins bau, Heins stahl bau,"},{"@type":"BreadcrumbList","@id":"http:\/\/heimag.net\/?page_id=72#breadcrumb","itemListElement":[{"@type":"ListItem","position":1,"name":"Startseite","item":"http:\/\/heimag.net\/"},{"@type":"ListItem","position":2,"name":"\u00dcber uns"}]},{"@type":"WebSite","@id":"http:\/\/heimag.net\/#website","url":"http:\/\/heimag.net\/","name":"Heins Maschinentechnik","description":"- Wir erwecken Metall zum Leben -","publisher":{"@id":"http:\/\/heimag.net\/#organization"},"potentialAction":[{"@type":"SearchAction","target":{"@type":"EntryPoint","urlTemplate":"http:\/\/heimag.net\/?s={search_term_string}"},"query-input":{"@type":"PropertyValueSpecification","valueRequired":true,"valueName":"search_term_string"}}],"inLanguage":"de"},{"@type":"Organization","@id":"http:\/\/heimag.net\/#organization","name":"Heins Maschinentechnik","url":"http:\/\/heimag.net\/","logo":{"@type":"ImageObject","inLanguage":"de","@id":"http:\/\/heimag.net\/#\/schema\/logo\/image\/","url":"https:\/\/heimag.net\/wp-content\/uploads\/2019\/10\/cropped-Heimag_transp-1.png","contentUrl":"https:\/\/heimag.net\/wp-content\/uploads\/2019\/10\/cropped-Heimag_transp-1.png","width":989,"height":278,"caption":"Heins Maschinentechnik"},"image":{"@id":"http:\/\/heimag.net\/#\/schema\/logo\/image\/"}}]}},"_links":{"self":[{"href":"https:\/\/heimag.net\/index.php?rest_route=\/wp\/v2\/pages\/72","targetHints":{"allow":["GET"]}}],"collection":[{"href":"https:\/\/heimag.net\/index.php?rest_route=\/wp\/v2\/pages"}],"about":[{"href":"https:\/\/heimag.net\/index.php?rest_route=\/wp\/v2\/types\/page"}],"author":[{"embeddable":true,"href":"https:\/\/heimag.net\/index.php?rest_route=\/wp\/v2\/users\/1"}],"replies":[{"embeddable":true,"href":"https:\/\/heimag.net\/index.php?rest_route=%2Fwp%2Fv2%2Fcomments&post=72"}],"version-history":[{"count":45,"href":"https:\/\/heimag.net\/index.php?rest_route=\/wp\/v2\/pages\/72\/revisions"}],"predecessor-version":[{"id":792,"href":"https:\/\/heimag.net\/index.php?rest_route=\/wp\/v2\/pages\/72\/revisions\/792"}],"wp:attachment":[{"href":"https:\/\/heimag.net\/index.php?rest_route=%2Fwp%2Fv2%2Fmedia&parent=72"}],"curies":[{"name":"wp","href":"https:\/\/api.w.org\/{rel}","templated":true}]}}