{"id":662,"date":"2019-11-08T07:40:46","date_gmt":"2019-11-08T06:40:46","guid":{"rendered":"http:\/\/heimag.net\/?page_id=662"},"modified":"2019-11-11T09:28:41","modified_gmt":"2019-11-11T08:28:41","slug":"heins-cad-technisches-zeichnen","status":"publish","type":"page","link":"https:\/\/heimag.net\/?page_id=662","title":{"rendered":"Heins CAD Technisches Zeichnen"},"content":{"rendered":"<p><span style=\"font-size: 20px;\"><strong>HEINS CAD TECHNISCHES ZEICHNEN\u00a0<\/strong><\/span><\/p>\n<hr \/>\n<p><span style=\"font-size: 14px;\">Sie ben\u00f6tigen eine Maschine, eine<strong><span style=\"color: #808080;\"> Anlage<\/span><\/strong> oder Bauteile mit speziellen Eigenschaften oder Funktionen? Wir nehmen die Herausforderung an und entwickeln f\u00fcr Sie<strong> individuelle<\/strong> L\u00f6sungen und zeichnen die in unserer Konstruktions-Abteilung. Als erfahrene Maschinenbaufirma sind wir spezialisiert auf die Planung und Konstruktion f\u00fcr Ihre gew\u00fcnschten Aufgaben. Wir \u00fcbernehmen sowohl komplette <strong>Entwicklungsprojekt<\/strong>e als auch einzelne <strong>Klein Teilaufgaben<\/strong>.<br \/>\nDiese konstruieren und fertigen wir dann im Anschlu\u00df in unserer Fertigungs-Werkstatt.\u00a0<\/span><\/p>\n<p><img loading=\"lazy\" decoding=\"async\" src=\"http:\/\/heimag.net\/wp-content\/uploads\/2019\/11\/heimag1-300x188.jpg\" alt=\"\" width=\"300\" height=\"188\" class=\"alignnone size-medium wp-image-737\" srcset=\"https:\/\/heimag.net\/wp-content\/uploads\/2019\/11\/heimag1-300x188.jpg 300w, https:\/\/heimag.net\/wp-content\/uploads\/2019\/11\/heimag1-768x480.jpg 768w, https:\/\/heimag.net\/wp-content\/uploads\/2019\/11\/heimag1-1024x640.jpg 1024w, https:\/\/heimag.net\/wp-content\/uploads\/2019\/11\/heimag1.jpg 1700w\" sizes=\"auto, (max-width: 300px) 100vw, 300px\" \/>\u00a0 \u00a0 \u00a0 \u00a0 \u00a0 \u00a0 \u00a0 \u00a0 \u00a0<img loading=\"lazy\" decoding=\"async\" src=\"http:\/\/heimag.net\/wp-content\/uploads\/2019\/11\/heimag3-300x188.jpg\" alt=\"\" width=\"300\" height=\"188\" class=\"alignnone size-medium wp-image-738\" srcset=\"https:\/\/heimag.net\/wp-content\/uploads\/2019\/11\/heimag3-300x188.jpg 300w, https:\/\/heimag.net\/wp-content\/uploads\/2019\/11\/heimag3-768x480.jpg 768w, https:\/\/heimag.net\/wp-content\/uploads\/2019\/11\/heimag3-1024x640.jpg 1024w, https:\/\/heimag.net\/wp-content\/uploads\/2019\/11\/heimag3.jpg 1700w\" sizes=\"auto, (max-width: 300px) 100vw, 300px\" \/><\/p>\n<p>&nbsp;<\/p>\n<hr \/>\n<p><span style=\"font-size: 12px;\">Kontaktieren Sie uns einfach und teilen Sie uns Ihre individuellen W\u00fcnsche mit! Wir freuen uns auf Ihre Anfrage!<br \/>\nTelefon: 042 68 888 38 &#8211; 0<br \/>\nEmail: info(at)heimag.net<\/span><\/p>\n<p>&nbsp;<\/p>\n","protected":false},"excerpt":{"rendered":"<p>HEINS CAD TECHNISCHES ZEICHNEN\u00a0 Sie ben\u00f6tigen eine Maschine, eine Anlage oder Bauteile mit speziellen Eigenschaften oder Funktionen? Wir nehmen die Herausforderung an und entwickeln f\u00fcr Sie individuelle L\u00f6sungen und zeichnen die in unserer Konstruktions-Abteilung. Als erfahrene Maschinenbaufirma sind wir spezialisiert auf die Planung und Konstruktion f\u00fcr Ihre gew\u00fcnschten Aufgaben. Wir \u00fcbernehmen sowohl komplette Entwicklungsprojekte als<\/p>\n","protected":false},"author":1,"featured_media":0,"parent":0,"menu_order":0,"comment_status":"closed","ping_status":"open","template":"","meta":{"footnotes":""},"class_list":["post-662","page","type-page","status-publish","hentry"],"yoast_head":"<!-- This site is optimized with the Yoast SEO plugin v26.7 - https:\/\/yoast.com\/wordpress\/plugins\/seo\/ -->\n<title>Heins CAD Technisches Zeichnen<\/title>\n<meta name=\"description\" content=\"Heins CAD Technisches Zeichnen\" \/>\n<meta name=\"robots\" content=\"index, follow, max-snippet:-1, max-image-preview:large, max-video-preview:-1\" \/>\n<link rel=\"canonical\" href=\"http:\/\/heimag.net\/?page_id=662\" \/>\n<meta property=\"og:locale\" content=\"de_DE\" \/>\n<meta property=\"og:type\" content=\"article\" \/>\n<meta property=\"og:title\" content=\"Heins CAD Technisches Zeichnen\" \/>\n<meta property=\"og:description\" content=\"Heins CAD Technisches Zeichnen\" \/>\n<meta property=\"og:url\" content=\"http:\/\/heimag.net\/?page_id=662\" \/>\n<meta property=\"og:site_name\" content=\"Heins Maschinentechnik\" \/>\n<meta property=\"article:modified_time\" content=\"2019-11-11T08:28:41+00:00\" \/>\n<meta property=\"og:image\" content=\"http:\/\/heimag.net\/wp-content\/uploads\/2019\/11\/heimag1-300x188.jpg\" \/>\n<meta name=\"twitter:card\" content=\"summary_large_image\" \/>\n<meta name=\"twitter:label1\" content=\"Gesch\u00e4tzte Lesezeit\" \/>\n\t<meta name=\"twitter:data1\" content=\"1\u00a0Minute\" \/>\n<script type=\"application\/ld+json\" class=\"yoast-schema-graph\">{\"@context\":\"https:\/\/schema.org\",\"@graph\":[{\"@type\":\"WebPage\",\"@id\":\"http:\/\/heimag.net\/?page_id=662\",\"url\":\"http:\/\/heimag.net\/?page_id=662\",\"name\":\"Heins CAD Technisches Zeichnen\",\"isPartOf\":{\"@id\":\"https:\/\/heimag.net\/#website\"},\"primaryImageOfPage\":{\"@id\":\"http:\/\/heimag.net\/?page_id=662#primaryimage\"},\"image\":{\"@id\":\"http:\/\/heimag.net\/?page_id=662#primaryimage\"},\"thumbnailUrl\":\"http:\/\/heimag.net\/wp-content\/uploads\/2019\/11\/heimag1-300x188.jpg\",\"datePublished\":\"2019-11-08T06:40:46+00:00\",\"dateModified\":\"2019-11-11T08:28:41+00:00\",\"description\":\"Heins CAD Technisches Zeichnen\",\"breadcrumb\":{\"@id\":\"http:\/\/heimag.net\/?page_id=662#breadcrumb\"},\"inLanguage\":\"de\",\"potentialAction\":[{\"@type\":\"ReadAction\",\"target\":[\"http:\/\/heimag.net\/?page_id=662\"]}]},{\"@type\":\"ImageObject\",\"inLanguage\":\"de\",\"@id\":\"http:\/\/heimag.net\/?page_id=662#primaryimage\",\"url\":\"https:\/\/heimag.net\/wp-content\/uploads\/2019\/11\/heimag1.jpg\",\"contentUrl\":\"https:\/\/heimag.net\/wp-content\/uploads\/2019\/11\/heimag1.jpg\",\"width\":1700,\"height\":1063},{\"@type\":\"BreadcrumbList\",\"@id\":\"http:\/\/heimag.net\/?page_id=662#breadcrumb\",\"itemListElement\":[{\"@type\":\"ListItem\",\"position\":1,\"name\":\"Startseite\",\"item\":\"https:\/\/heimag.net\/\"},{\"@type\":\"ListItem\",\"position\":2,\"name\":\"Heins CAD Technisches Zeichnen\"}]},{\"@type\":\"WebSite\",\"@id\":\"https:\/\/heimag.net\/#website\",\"url\":\"https:\/\/heimag.net\/\",\"name\":\"Heins Maschinentechnik\",\"description\":\"- Wir erwecken Metall zum Leben -\",\"publisher\":{\"@id\":\"https:\/\/heimag.net\/#organization\"},\"potentialAction\":[{\"@type\":\"SearchAction\",\"target\":{\"@type\":\"EntryPoint\",\"urlTemplate\":\"https:\/\/heimag.net\/?s={search_term_string}\"},\"query-input\":{\"@type\":\"PropertyValueSpecification\",\"valueRequired\":true,\"valueName\":\"search_term_string\"}}],\"inLanguage\":\"de\"},{\"@type\":\"Organization\",\"@id\":\"https:\/\/heimag.net\/#organization\",\"name\":\"Heins Maschinentechnik\",\"url\":\"https:\/\/heimag.net\/\",\"logo\":{\"@type\":\"ImageObject\",\"inLanguage\":\"de\",\"@id\":\"https:\/\/heimag.net\/#\/schema\/logo\/image\/\",\"url\":\"https:\/\/heimag.net\/wp-content\/uploads\/2019\/10\/cropped-Heimag_transp-1.png\",\"contentUrl\":\"https:\/\/heimag.net\/wp-content\/uploads\/2019\/10\/cropped-Heimag_transp-1.png\",\"width\":989,\"height\":278,\"caption\":\"Heins Maschinentechnik\"},\"image\":{\"@id\":\"https:\/\/heimag.net\/#\/schema\/logo\/image\/\"}}]}<\/script>\n<!-- \/ Yoast SEO plugin. -->","yoast_head_json":{"title":"Heins CAD Technisches Zeichnen","description":"Heins CAD Technisches Zeichnen","robots":{"index":"index","follow":"follow","max-snippet":"max-snippet:-1","max-image-preview":"max-image-preview:large","max-video-preview":"max-video-preview:-1"},"canonical":"http:\/\/heimag.net\/?page_id=662","og_locale":"de_DE","og_type":"article","og_title":"Heins CAD Technisches Zeichnen","og_description":"Heins CAD Technisches Zeichnen","og_url":"http:\/\/heimag.net\/?page_id=662","og_site_name":"Heins Maschinentechnik","article_modified_time":"2019-11-11T08:28:41+00:00","og_image":[{"url":"http:\/\/heimag.net\/wp-content\/uploads\/2019\/11\/heimag1-300x188.jpg","type":"","width":"","height":""}],"twitter_card":"summary_large_image","twitter_misc":{"Gesch\u00e4tzte Lesezeit":"1\u00a0Minute"},"schema":{"@context":"https:\/\/schema.org","@graph":[{"@type":"WebPage","@id":"http:\/\/heimag.net\/?page_id=662","url":"http:\/\/heimag.net\/?page_id=662","name":"Heins CAD Technisches Zeichnen","isPartOf":{"@id":"https:\/\/heimag.net\/#website"},"primaryImageOfPage":{"@id":"http:\/\/heimag.net\/?page_id=662#primaryimage"},"image":{"@id":"http:\/\/heimag.net\/?page_id=662#primaryimage"},"thumbnailUrl":"http:\/\/heimag.net\/wp-content\/uploads\/2019\/11\/heimag1-300x188.jpg","datePublished":"2019-11-08T06:40:46+00:00","dateModified":"2019-11-11T08:28:41+00:00","description":"Heins CAD Technisches Zeichnen","breadcrumb":{"@id":"http:\/\/heimag.net\/?page_id=662#breadcrumb"},"inLanguage":"de","potentialAction":[{"@type":"ReadAction","target":["http:\/\/heimag.net\/?page_id=662"]}]},{"@type":"ImageObject","inLanguage":"de","@id":"http:\/\/heimag.net\/?page_id=662#primaryimage","url":"https:\/\/heimag.net\/wp-content\/uploads\/2019\/11\/heimag1.jpg","contentUrl":"https:\/\/heimag.net\/wp-content\/uploads\/2019\/11\/heimag1.jpg","width":1700,"height":1063},{"@type":"BreadcrumbList","@id":"http:\/\/heimag.net\/?page_id=662#breadcrumb","itemListElement":[{"@type":"ListItem","position":1,"name":"Startseite","item":"https:\/\/heimag.net\/"},{"@type":"ListItem","position":2,"name":"Heins CAD Technisches Zeichnen"}]},{"@type":"WebSite","@id":"https:\/\/heimag.net\/#website","url":"https:\/\/heimag.net\/","name":"Heins Maschinentechnik","description":"- Wir erwecken Metall zum Leben -","publisher":{"@id":"https:\/\/heimag.net\/#organization"},"potentialAction":[{"@type":"SearchAction","target":{"@type":"EntryPoint","urlTemplate":"https:\/\/heimag.net\/?s={search_term_string}"},"query-input":{"@type":"PropertyValueSpecification","valueRequired":true,"valueName":"search_term_string"}}],"inLanguage":"de"},{"@type":"Organization","@id":"https:\/\/heimag.net\/#organization","name":"Heins Maschinentechnik","url":"https:\/\/heimag.net\/","logo":{"@type":"ImageObject","inLanguage":"de","@id":"https:\/\/heimag.net\/#\/schema\/logo\/image\/","url":"https:\/\/heimag.net\/wp-content\/uploads\/2019\/10\/cropped-Heimag_transp-1.png","contentUrl":"https:\/\/heimag.net\/wp-content\/uploads\/2019\/10\/cropped-Heimag_transp-1.png","width":989,"height":278,"caption":"Heins Maschinentechnik"},"image":{"@id":"https:\/\/heimag.net\/#\/schema\/logo\/image\/"}}]}},"_links":{"self":[{"href":"https:\/\/heimag.net\/index.php?rest_route=\/wp\/v2\/pages\/662","targetHints":{"allow":["GET"]}}],"collection":[{"href":"https:\/\/heimag.net\/index.php?rest_route=\/wp\/v2\/pages"}],"about":[{"href":"https:\/\/heimag.net\/index.php?rest_route=\/wp\/v2\/types\/page"}],"author":[{"embeddable":true,"href":"https:\/\/heimag.net\/index.php?rest_route=\/wp\/v2\/users\/1"}],"replies":[{"embeddable":true,"href":"https:\/\/heimag.net\/index.php?rest_route=%2Fwp%2Fv2%2Fcomments&post=662"}],"version-history":[{"count":12,"href":"https:\/\/heimag.net\/index.php?rest_route=\/wp\/v2\/pages\/662\/revisions"}],"predecessor-version":[{"id":751,"href":"https:\/\/heimag.net\/index.php?rest_route=\/wp\/v2\/pages\/662\/revisions\/751"}],"wp:attachment":[{"href":"https:\/\/heimag.net\/index.php?rest_route=%2Fwp%2Fv2%2Fmedia&parent=662"}],"curies":[{"name":"wp","href":"https:\/\/api.w.org\/{rel}","templated":true}]}}