{"id":601,"date":"2019-11-07T07:56:14","date_gmt":"2019-11-07T06:56:14","guid":{"rendered":"http:\/\/heimag.net\/?page_id=601"},"modified":"2019-11-08T16:07:45","modified_gmt":"2019-11-08T15:07:45","slug":"schweissfachbetrieb","status":"publish","type":"page","link":"https:\/\/heimag.net\/?page_id=601","title":{"rendered":"Schwei\u00dffachbetrieb"},"content":{"rendered":"<p><span style=\"font-size: 20px;\"><strong>SCHWEI\u00dfFACHBETRIEB<\/strong><\/span><\/p>\n<hr \/>\n<p><span style=\"font-size: 14px; color: #808080;\">Wir sind ein Schwei\u00dffachbetrieb mit viel Berufserfahrungen f\u00fcr den professionellen und privaten Anwender und decken weitere Bereiche der Schwei\u00dftechnik ab.<\/span><\/p>\n<p><img loading=\"lazy\" decoding=\"async\" src=\"http:\/\/heimag.net\/wp-content\/uploads\/2019\/11\/imageedit_5_2654305581-225x300.jpg\" alt=\"\" width=\"225\" height=\"300\" class=\"alignnone size-medium wp-image-613\" srcset=\"https:\/\/heimag.net\/wp-content\/uploads\/2019\/11\/imageedit_5_2654305581-225x300.jpg 225w, https:\/\/heimag.net\/wp-content\/uploads\/2019\/11\/imageedit_5_2654305581.jpg 484w\" sizes=\"auto, (max-width: 225px) 100vw, 225px\" \/> <img loading=\"lazy\" decoding=\"async\" src=\"http:\/\/heimag.net\/wp-content\/uploads\/2019\/11\/imageedit_12_2901227068-225x300.jpg\" alt=\"\" width=\"225\" height=\"300\" class=\"alignnone size-medium wp-image-636\" srcset=\"https:\/\/heimag.net\/wp-content\/uploads\/2019\/11\/imageedit_12_2901227068-225x300.jpg 225w, https:\/\/heimag.net\/wp-content\/uploads\/2019\/11\/imageedit_12_2901227068.jpg 484w\" sizes=\"auto, (max-width: 225px) 100vw, 225px\" \/><\/p>\n<p><span style=\"font-size: 14px; color: #808080;\">Unsere Facharbeiter beherrschen s\u00e4mtliche aktuellen Schwei\u00dfverfahren wie:<\/span><\/p>\n<ul>\n<li><span style=\"font-size: 14px; color: #808080;\">MAG Schwei\u00dfen f\u00fcr Stahl und Edelstahl<\/span><\/li>\n<li><span style=\"font-size: 14px; color: #808080;\">MIG Schwei\u00dfen f\u00fcr Aluminium<\/span><\/li>\n<li><span style=\"font-size: 14px; color: #808080;\">WIG Schwei\u00dfen f\u00fcr Stahl, Edelstahl und Aluminium<\/span><\/li>\n<li><span style=\"font-size: 14px; color: #808080;\">Elektroschwei\u00dfen<\/span><\/li>\n<li><span style=\"font-size: 14px; color: #808080;\">Hartl\u00f6ten<\/span><\/li>\n<li><span style=\"font-size: 14px; color: #808080;\">Autogenschwei\u00dfen<\/span><span style=\"font-size: 14px; color: #808080;\">\u00a0<\/span><\/li>\n<li><span style=\"font-size: 14px; color: #808080;\"><span>Mobile Schwei\u00dftechniken f\u00fcr Montagen <i class=\"fa fa-car \" style=\"color: #cccccc;\"><\/i><\/span><\/span><\/li>\n<\/ul>\n<hr \/>\n<p><span style=\"font-size: 12px;\">Kontaktieren Sie uns einfach und teilen Sie uns Ihre individuellen W\u00fcnsche mit! Wir freuen uns auf Ihre Anfrage!<br \/>\nTelefon: 042 68 888 38 &#8211; 0<br \/>\nEmail: info(at)heimag.net<\/span><\/p>\n<p>&nbsp;<\/p>\n","protected":false},"excerpt":{"rendered":"<p>SCHWEI\u00dfFACHBETRIEB Wir sind ein Schwei\u00dffachbetrieb mit viel Berufserfahrungen f\u00fcr den professionellen und privaten Anwender und decken weitere Bereiche der Schwei\u00dftechnik ab. Unsere Facharbeiter beherrschen s\u00e4mtliche aktuellen Schwei\u00dfverfahren wie: MAG Schwei\u00dfen f\u00fcr Stahl und Edelstahl MIG Schwei\u00dfen f\u00fcr Aluminium WIG Schwei\u00dfen f\u00fcr Stahl, Edelstahl und Aluminium Elektroschwei\u00dfen Hartl\u00f6ten Autogenschwei\u00dfen\u00a0 Mobile Schwei\u00dftechniken f\u00fcr Montagen Kontaktieren Sie uns<\/p>\n","protected":false},"author":1,"featured_media":0,"parent":0,"menu_order":0,"comment_status":"closed","ping_status":"open","template":"","meta":{"footnotes":""},"class_list":["post-601","page","type-page","status-publish","hentry"],"yoast_head":"<!-- This site is optimized with the Yoast SEO plugin v26.7 - https:\/\/yoast.com\/wordpress\/plugins\/seo\/ -->\n<title>Wir sind ein Schwei\u00dffachbetrieb mit viel Berufserfahrung<\/title>\n<meta name=\"description\" content=\"MAG Schwei\u00dfen f\u00fcr Stahl und EdelstahlMIG Schwei\u00dfen f\u00fcr AluminiumWIG Schwei\u00dfen f\u00fcr Stahl, Edelstahl und Aluminium\" \/>\n<meta name=\"robots\" content=\"index, follow, max-snippet:-1, max-image-preview:large, max-video-preview:-1\" \/>\n<link rel=\"canonical\" href=\"http:\/\/heimag.net\/?page_id=601\" \/>\n<meta property=\"og:locale\" content=\"de_DE\" \/>\n<meta property=\"og:type\" content=\"article\" \/>\n<meta property=\"og:title\" content=\"Wir sind ein Schwei\u00dffachbetrieb mit viel Berufserfahrung\" \/>\n<meta property=\"og:description\" content=\"MAG Schwei\u00dfen f\u00fcr Stahl und EdelstahlMIG Schwei\u00dfen f\u00fcr AluminiumWIG Schwei\u00dfen f\u00fcr Stahl, Edelstahl und Aluminium\" \/>\n<meta property=\"og:url\" content=\"http:\/\/heimag.net\/?page_id=601\" \/>\n<meta property=\"og:site_name\" content=\"Heins Maschinentechnik\" \/>\n<meta property=\"article:modified_time\" content=\"2019-11-08T15:07:45+00:00\" \/>\n<meta property=\"og:image\" content=\"http:\/\/heimag.net\/wp-content\/uploads\/2019\/11\/imageedit_5_2654305581-225x300.jpg\" \/>\n<meta name=\"twitter:card\" content=\"summary_large_image\" \/>\n<script type=\"application\/ld+json\" class=\"yoast-schema-graph\">{\"@context\":\"https:\/\/schema.org\",\"@graph\":[{\"@type\":\"WebPage\",\"@id\":\"http:\/\/heimag.net\/?page_id=601\",\"url\":\"http:\/\/heimag.net\/?page_id=601\",\"name\":\"Wir sind ein Schwei\u00dffachbetrieb mit viel Berufserfahrung\",\"isPartOf\":{\"@id\":\"https:\/\/heimag.net\/#website\"},\"primaryImageOfPage\":{\"@id\":\"http:\/\/heimag.net\/?page_id=601#primaryimage\"},\"image\":{\"@id\":\"http:\/\/heimag.net\/?page_id=601#primaryimage\"},\"thumbnailUrl\":\"http:\/\/heimag.net\/wp-content\/uploads\/2019\/11\/imageedit_5_2654305581-225x300.jpg\",\"datePublished\":\"2019-11-07T06:56:14+00:00\",\"dateModified\":\"2019-11-08T15:07:45+00:00\",\"description\":\"MAG Schwei\u00dfen f\u00fcr Stahl und EdelstahlMIG Schwei\u00dfen f\u00fcr AluminiumWIG Schwei\u00dfen f\u00fcr Stahl, Edelstahl und Aluminium\",\"breadcrumb\":{\"@id\":\"http:\/\/heimag.net\/?page_id=601#breadcrumb\"},\"inLanguage\":\"de\",\"potentialAction\":[{\"@type\":\"ReadAction\",\"target\":[\"http:\/\/heimag.net\/?page_id=601\"]}]},{\"@type\":\"ImageObject\",\"inLanguage\":\"de\",\"@id\":\"http:\/\/heimag.net\/?page_id=601#primaryimage\",\"url\":\"https:\/\/heimag.net\/wp-content\/uploads\/2019\/11\/imageedit_5_2654305581.jpg\",\"contentUrl\":\"https:\/\/heimag.net\/wp-content\/uploads\/2019\/11\/imageedit_5_2654305581.jpg\",\"width\":484,\"height\":644},{\"@type\":\"BreadcrumbList\",\"@id\":\"http:\/\/heimag.net\/?page_id=601#breadcrumb\",\"itemListElement\":[{\"@type\":\"ListItem\",\"position\":1,\"name\":\"Startseite\",\"item\":\"https:\/\/heimag.net\/\"},{\"@type\":\"ListItem\",\"position\":2,\"name\":\"Schwei\u00dffachbetrieb\"}]},{\"@type\":\"WebSite\",\"@id\":\"https:\/\/heimag.net\/#website\",\"url\":\"https:\/\/heimag.net\/\",\"name\":\"Heins Maschinentechnik\",\"description\":\"- Wir erwecken Metall zum Leben -\",\"publisher\":{\"@id\":\"https:\/\/heimag.net\/#organization\"},\"potentialAction\":[{\"@type\":\"SearchAction\",\"target\":{\"@type\":\"EntryPoint\",\"urlTemplate\":\"https:\/\/heimag.net\/?s={search_term_string}\"},\"query-input\":{\"@type\":\"PropertyValueSpecification\",\"valueRequired\":true,\"valueName\":\"search_term_string\"}}],\"inLanguage\":\"de\"},{\"@type\":\"Organization\",\"@id\":\"https:\/\/heimag.net\/#organization\",\"name\":\"Heins Maschinentechnik\",\"url\":\"https:\/\/heimag.net\/\",\"logo\":{\"@type\":\"ImageObject\",\"inLanguage\":\"de\",\"@id\":\"https:\/\/heimag.net\/#\/schema\/logo\/image\/\",\"url\":\"https:\/\/heimag.net\/wp-content\/uploads\/2019\/10\/cropped-Heimag_transp-1.png\",\"contentUrl\":\"https:\/\/heimag.net\/wp-content\/uploads\/2019\/10\/cropped-Heimag_transp-1.png\",\"width\":989,\"height\":278,\"caption\":\"Heins Maschinentechnik\"},\"image\":{\"@id\":\"https:\/\/heimag.net\/#\/schema\/logo\/image\/\"}}]}<\/script>\n<!-- \/ Yoast SEO plugin. -->","yoast_head_json":{"title":"Wir sind ein Schwei\u00dffachbetrieb mit viel Berufserfahrung","description":"MAG Schwei\u00dfen f\u00fcr Stahl und EdelstahlMIG Schwei\u00dfen f\u00fcr AluminiumWIG Schwei\u00dfen f\u00fcr Stahl, Edelstahl und Aluminium","robots":{"index":"index","follow":"follow","max-snippet":"max-snippet:-1","max-image-preview":"max-image-preview:large","max-video-preview":"max-video-preview:-1"},"canonical":"http:\/\/heimag.net\/?page_id=601","og_locale":"de_DE","og_type":"article","og_title":"Wir sind ein Schwei\u00dffachbetrieb mit viel Berufserfahrung","og_description":"MAG Schwei\u00dfen f\u00fcr Stahl und EdelstahlMIG Schwei\u00dfen f\u00fcr AluminiumWIG Schwei\u00dfen f\u00fcr Stahl, Edelstahl und Aluminium","og_url":"http:\/\/heimag.net\/?page_id=601","og_site_name":"Heins Maschinentechnik","article_modified_time":"2019-11-08T15:07:45+00:00","og_image":[{"url":"http:\/\/heimag.net\/wp-content\/uploads\/2019\/11\/imageedit_5_2654305581-225x300.jpg","type":"","width":"","height":""}],"twitter_card":"summary_large_image","schema":{"@context":"https:\/\/schema.org","@graph":[{"@type":"WebPage","@id":"http:\/\/heimag.net\/?page_id=601","url":"http:\/\/heimag.net\/?page_id=601","name":"Wir sind ein Schwei\u00dffachbetrieb mit viel Berufserfahrung","isPartOf":{"@id":"https:\/\/heimag.net\/#website"},"primaryImageOfPage":{"@id":"http:\/\/heimag.net\/?page_id=601#primaryimage"},"image":{"@id":"http:\/\/heimag.net\/?page_id=601#primaryimage"},"thumbnailUrl":"http:\/\/heimag.net\/wp-content\/uploads\/2019\/11\/imageedit_5_2654305581-225x300.jpg","datePublished":"2019-11-07T06:56:14+00:00","dateModified":"2019-11-08T15:07:45+00:00","description":"MAG Schwei\u00dfen f\u00fcr Stahl und EdelstahlMIG Schwei\u00dfen f\u00fcr AluminiumWIG Schwei\u00dfen f\u00fcr Stahl, Edelstahl und Aluminium","breadcrumb":{"@id":"http:\/\/heimag.net\/?page_id=601#breadcrumb"},"inLanguage":"de","potentialAction":[{"@type":"ReadAction","target":["http:\/\/heimag.net\/?page_id=601"]}]},{"@type":"ImageObject","inLanguage":"de","@id":"http:\/\/heimag.net\/?page_id=601#primaryimage","url":"https:\/\/heimag.net\/wp-content\/uploads\/2019\/11\/imageedit_5_2654305581.jpg","contentUrl":"https:\/\/heimag.net\/wp-content\/uploads\/2019\/11\/imageedit_5_2654305581.jpg","width":484,"height":644},{"@type":"BreadcrumbList","@id":"http:\/\/heimag.net\/?page_id=601#breadcrumb","itemListElement":[{"@type":"ListItem","position":1,"name":"Startseite","item":"https:\/\/heimag.net\/"},{"@type":"ListItem","position":2,"name":"Schwei\u00dffachbetrieb"}]},{"@type":"WebSite","@id":"https:\/\/heimag.net\/#website","url":"https:\/\/heimag.net\/","name":"Heins Maschinentechnik","description":"- Wir erwecken Metall zum Leben -","publisher":{"@id":"https:\/\/heimag.net\/#organization"},"potentialAction":[{"@type":"SearchAction","target":{"@type":"EntryPoint","urlTemplate":"https:\/\/heimag.net\/?s={search_term_string}"},"query-input":{"@type":"PropertyValueSpecification","valueRequired":true,"valueName":"search_term_string"}}],"inLanguage":"de"},{"@type":"Organization","@id":"https:\/\/heimag.net\/#organization","name":"Heins Maschinentechnik","url":"https:\/\/heimag.net\/","logo":{"@type":"ImageObject","inLanguage":"de","@id":"https:\/\/heimag.net\/#\/schema\/logo\/image\/","url":"https:\/\/heimag.net\/wp-content\/uploads\/2019\/10\/cropped-Heimag_transp-1.png","contentUrl":"https:\/\/heimag.net\/wp-content\/uploads\/2019\/10\/cropped-Heimag_transp-1.png","width":989,"height":278,"caption":"Heins Maschinentechnik"},"image":{"@id":"https:\/\/heimag.net\/#\/schema\/logo\/image\/"}}]}},"_links":{"self":[{"href":"https:\/\/heimag.net\/index.php?rest_route=\/wp\/v2\/pages\/601","targetHints":{"allow":["GET"]}}],"collection":[{"href":"https:\/\/heimag.net\/index.php?rest_route=\/wp\/v2\/pages"}],"about":[{"href":"https:\/\/heimag.net\/index.php?rest_route=\/wp\/v2\/types\/page"}],"author":[{"embeddable":true,"href":"https:\/\/heimag.net\/index.php?rest_route=\/wp\/v2\/users\/1"}],"replies":[{"embeddable":true,"href":"https:\/\/heimag.net\/index.php?rest_route=%2Fwp%2Fv2%2Fcomments&post=601"}],"version-history":[{"count":14,"href":"https:\/\/heimag.net\/index.php?rest_route=\/wp\/v2\/pages\/601\/revisions"}],"predecessor-version":[{"id":713,"href":"https:\/\/heimag.net\/index.php?rest_route=\/wp\/v2\/pages\/601\/revisions\/713"}],"wp:attachment":[{"href":"https:\/\/heimag.net\/index.php?rest_route=%2Fwp%2Fv2%2Fmedia&parent=601"}],"curies":[{"name":"wp","href":"https:\/\/api.w.org\/{rel}","templated":true}]}}