{"id":574,"date":"2019-11-04T10:06:29","date_gmt":"2019-11-04T09:06:29","guid":{"rendered":"http:\/\/heimag.net\/?page_id=574"},"modified":"2019-11-07T09:40:20","modified_gmt":"2019-11-07T08:40:20","slug":"kanten-und-schneiden-von-blech","status":"publish","type":"page","link":"https:\/\/heimag.net\/?page_id=574","title":{"rendered":"Kanten und Schneiden von Blech"},"content":{"rendered":"<p><span style=\"font-size: 20px;\"><strong>KANTEN UND SCHNEIDEN VON BLECH\u00a0<\/strong><\/span><\/p>\n<hr \/>\n<h2 id=\"mcetoc_1doqqorkh0\"><span style=\"font-size: 14px;\">Abkantteile und Blech Schneiden nach Ihren Vorgaben<\/span><\/h2>\n<p><span style=\"font-size: 14px;\">Wir kanten und schneiden f\u00fcr Sie Bleche nach Ma\u00df.<\/span><\/p>\n<p><span style=\"font-size: 14px;\">In unserem Maschinenpark bearbeiten wir Zuschnitte bis zu einer Gr\u00f6\u00dfe von 3.000 x 10 mm und Kantteile bis 4.000 x 10 mm.<\/span><\/p>\n<p><img loading=\"lazy\" decoding=\"async\" src=\"http:\/\/heimag.net\/wp-content\/uploads\/2019\/11\/blech_border-225x300.jpg\" alt=\"\" width=\"225\" height=\"300\" class=\"alignnone size-medium wp-image-584\" srcset=\"https:\/\/heimag.net\/wp-content\/uploads\/2019\/11\/blech_border-225x300.jpg 225w, https:\/\/heimag.net\/wp-content\/uploads\/2019\/11\/blech_border.jpg 484w\" sizes=\"auto, (max-width: 225px) 100vw, 225px\" \/><\/p>\n<p><span style=\"font-size: 14px;\">Kontaktieren Sie uns einfach und teilen Sie uns Ihre individuellen W\u00fcnsche mit! Wir freuen uns auf Ihre Anfrage!\u00a0<\/span><\/p>\n<p>&nbsp;<\/p>\n<hr \/>\n<p><span style=\"font-size: 12px;\">Kontaktieren Sie uns einfach und teilen Sie uns Ihre individuellen W\u00fcnsche mit! Wir freuen uns auf Ihre Anfrage!<br \/>\nTelefon: 042 68 888 38 &#8211; 0<br \/>\nEmail: info(at)heimag.net<\/span><\/p>\n","protected":false},"excerpt":{"rendered":"<p>KANTEN UND SCHNEIDEN VON BLECH\u00a0 Abkantteile und Blech Schneiden nach Ihren Vorgaben Wir kanten und schneiden f\u00fcr Sie Bleche nach Ma\u00df. In unserem Maschinenpark bearbeiten wir Zuschnitte bis zu einer Gr\u00f6\u00dfe von 3.000 x 10 mm und Kantteile bis 4.000 x 10 mm. Kontaktieren Sie uns einfach und teilen Sie uns Ihre individuellen W\u00fcnsche mit!<\/p>\n","protected":false},"author":1,"featured_media":0,"parent":0,"menu_order":0,"comment_status":"closed","ping_status":"open","template":"","meta":{"footnotes":""},"class_list":["post-574","page","type-page","status-publish","hentry"],"yoast_head":"<!-- This site is optimized with the Yoast SEO plugin v26.7 - https:\/\/yoast.com\/wordpress\/plugins\/seo\/ -->\n<title>Abkantteile und Blech Schneiden nach Ihren Vorgaben<\/title>\n<meta name=\"description\" content=\"Zuschnitte bis zu einer Gr\u00f6\u00dfe von 3.000 x 10 mm und Kantteile bis 4.000 x 10 mm.\" \/>\n<meta name=\"robots\" content=\"index, follow, max-snippet:-1, max-image-preview:large, max-video-preview:-1\" \/>\n<link rel=\"canonical\" href=\"https:\/\/heimag.net\/?page_id=574\" \/>\n<meta property=\"og:locale\" content=\"de_DE\" \/>\n<meta property=\"og:type\" content=\"article\" \/>\n<meta property=\"og:title\" content=\"Abkantteile und Blech Schneiden nach Ihren Vorgaben\" \/>\n<meta property=\"og:description\" content=\"Zuschnitte bis zu einer Gr\u00f6\u00dfe von 3.000 x 10 mm und Kantteile bis 4.000 x 10 mm.\" \/>\n<meta property=\"og:url\" content=\"https:\/\/heimag.net\/?page_id=574\" \/>\n<meta property=\"og:site_name\" content=\"Heins Maschinentechnik\" \/>\n<meta property=\"article:modified_time\" content=\"2019-11-07T08:40:20+00:00\" \/>\n<meta property=\"og:image\" content=\"http:\/\/heimag.net\/wp-content\/uploads\/2019\/11\/blech_border-225x300.jpg\" \/>\n<meta name=\"twitter:card\" content=\"summary_large_image\" \/>\n<script type=\"application\/ld+json\" class=\"yoast-schema-graph\">{\"@context\":\"https:\/\/schema.org\",\"@graph\":[{\"@type\":\"WebPage\",\"@id\":\"https:\/\/heimag.net\/?page_id=574\",\"url\":\"https:\/\/heimag.net\/?page_id=574\",\"name\":\"Abkantteile und Blech Schneiden nach Ihren Vorgaben\",\"isPartOf\":{\"@id\":\"http:\/\/heimag.net\/#website\"},\"primaryImageOfPage\":{\"@id\":\"https:\/\/heimag.net\/?page_id=574#primaryimage\"},\"image\":{\"@id\":\"https:\/\/heimag.net\/?page_id=574#primaryimage\"},\"thumbnailUrl\":\"http:\/\/heimag.net\/wp-content\/uploads\/2019\/11\/blech_border-225x300.jpg\",\"datePublished\":\"2019-11-04T09:06:29+00:00\",\"dateModified\":\"2019-11-07T08:40:20+00:00\",\"description\":\"Zuschnitte bis zu einer Gr\u00f6\u00dfe von 3.000 x 10 mm und Kantteile bis 4.000 x 10 mm.\",\"breadcrumb\":{\"@id\":\"https:\/\/heimag.net\/?page_id=574#breadcrumb\"},\"inLanguage\":\"de\",\"potentialAction\":[{\"@type\":\"ReadAction\",\"target\":[\"https:\/\/heimag.net\/?page_id=574\"]}]},{\"@type\":\"ImageObject\",\"inLanguage\":\"de\",\"@id\":\"https:\/\/heimag.net\/?page_id=574#primaryimage\",\"url\":\"https:\/\/heimag.net\/wp-content\/uploads\/2019\/11\/blech_border.jpg\",\"contentUrl\":\"https:\/\/heimag.net\/wp-content\/uploads\/2019\/11\/blech_border.jpg\",\"width\":484,\"height\":644},{\"@type\":\"BreadcrumbList\",\"@id\":\"https:\/\/heimag.net\/?page_id=574#breadcrumb\",\"itemListElement\":[{\"@type\":\"ListItem\",\"position\":1,\"name\":\"Startseite\",\"item\":\"http:\/\/heimag.net\/\"},{\"@type\":\"ListItem\",\"position\":2,\"name\":\"Kanten und Schneiden von Blech\"}]},{\"@type\":\"WebSite\",\"@id\":\"http:\/\/heimag.net\/#website\",\"url\":\"http:\/\/heimag.net\/\",\"name\":\"Heins Maschinentechnik\",\"description\":\"- Wir erwecken Metall zum Leben -\",\"publisher\":{\"@id\":\"http:\/\/heimag.net\/#organization\"},\"potentialAction\":[{\"@type\":\"SearchAction\",\"target\":{\"@type\":\"EntryPoint\",\"urlTemplate\":\"http:\/\/heimag.net\/?s={search_term_string}\"},\"query-input\":{\"@type\":\"PropertyValueSpecification\",\"valueRequired\":true,\"valueName\":\"search_term_string\"}}],\"inLanguage\":\"de\"},{\"@type\":\"Organization\",\"@id\":\"http:\/\/heimag.net\/#organization\",\"name\":\"Heins Maschinentechnik\",\"url\":\"http:\/\/heimag.net\/\",\"logo\":{\"@type\":\"ImageObject\",\"inLanguage\":\"de\",\"@id\":\"http:\/\/heimag.net\/#\/schema\/logo\/image\/\",\"url\":\"https:\/\/heimag.net\/wp-content\/uploads\/2019\/10\/cropped-Heimag_transp-1.png\",\"contentUrl\":\"https:\/\/heimag.net\/wp-content\/uploads\/2019\/10\/cropped-Heimag_transp-1.png\",\"width\":989,\"height\":278,\"caption\":\"Heins Maschinentechnik\"},\"image\":{\"@id\":\"http:\/\/heimag.net\/#\/schema\/logo\/image\/\"}}]}<\/script>\n<!-- \/ Yoast SEO plugin. -->","yoast_head_json":{"title":"Abkantteile und Blech Schneiden nach Ihren Vorgaben","description":"Zuschnitte bis zu einer Gr\u00f6\u00dfe von 3.000 x 10 mm und Kantteile bis 4.000 x 10 mm.","robots":{"index":"index","follow":"follow","max-snippet":"max-snippet:-1","max-image-preview":"max-image-preview:large","max-video-preview":"max-video-preview:-1"},"canonical":"https:\/\/heimag.net\/?page_id=574","og_locale":"de_DE","og_type":"article","og_title":"Abkantteile und Blech Schneiden nach Ihren Vorgaben","og_description":"Zuschnitte bis zu einer Gr\u00f6\u00dfe von 3.000 x 10 mm und Kantteile bis 4.000 x 10 mm.","og_url":"https:\/\/heimag.net\/?page_id=574","og_site_name":"Heins Maschinentechnik","article_modified_time":"2019-11-07T08:40:20+00:00","og_image":[{"url":"http:\/\/heimag.net\/wp-content\/uploads\/2019\/11\/blech_border-225x300.jpg","type":"","width":"","height":""}],"twitter_card":"summary_large_image","schema":{"@context":"https:\/\/schema.org","@graph":[{"@type":"WebPage","@id":"https:\/\/heimag.net\/?page_id=574","url":"https:\/\/heimag.net\/?page_id=574","name":"Abkantteile und Blech Schneiden nach Ihren Vorgaben","isPartOf":{"@id":"http:\/\/heimag.net\/#website"},"primaryImageOfPage":{"@id":"https:\/\/heimag.net\/?page_id=574#primaryimage"},"image":{"@id":"https:\/\/heimag.net\/?page_id=574#primaryimage"},"thumbnailUrl":"http:\/\/heimag.net\/wp-content\/uploads\/2019\/11\/blech_border-225x300.jpg","datePublished":"2019-11-04T09:06:29+00:00","dateModified":"2019-11-07T08:40:20+00:00","description":"Zuschnitte bis zu einer Gr\u00f6\u00dfe von 3.000 x 10 mm und Kantteile bis 4.000 x 10 mm.","breadcrumb":{"@id":"https:\/\/heimag.net\/?page_id=574#breadcrumb"},"inLanguage":"de","potentialAction":[{"@type":"ReadAction","target":["https:\/\/heimag.net\/?page_id=574"]}]},{"@type":"ImageObject","inLanguage":"de","@id":"https:\/\/heimag.net\/?page_id=574#primaryimage","url":"https:\/\/heimag.net\/wp-content\/uploads\/2019\/11\/blech_border.jpg","contentUrl":"https:\/\/heimag.net\/wp-content\/uploads\/2019\/11\/blech_border.jpg","width":484,"height":644},{"@type":"BreadcrumbList","@id":"https:\/\/heimag.net\/?page_id=574#breadcrumb","itemListElement":[{"@type":"ListItem","position":1,"name":"Startseite","item":"http:\/\/heimag.net\/"},{"@type":"ListItem","position":2,"name":"Kanten und Schneiden von Blech"}]},{"@type":"WebSite","@id":"http:\/\/heimag.net\/#website","url":"http:\/\/heimag.net\/","name":"Heins Maschinentechnik","description":"- Wir erwecken Metall zum Leben -","publisher":{"@id":"http:\/\/heimag.net\/#organization"},"potentialAction":[{"@type":"SearchAction","target":{"@type":"EntryPoint","urlTemplate":"http:\/\/heimag.net\/?s={search_term_string}"},"query-input":{"@type":"PropertyValueSpecification","valueRequired":true,"valueName":"search_term_string"}}],"inLanguage":"de"},{"@type":"Organization","@id":"http:\/\/heimag.net\/#organization","name":"Heins Maschinentechnik","url":"http:\/\/heimag.net\/","logo":{"@type":"ImageObject","inLanguage":"de","@id":"http:\/\/heimag.net\/#\/schema\/logo\/image\/","url":"https:\/\/heimag.net\/wp-content\/uploads\/2019\/10\/cropped-Heimag_transp-1.png","contentUrl":"https:\/\/heimag.net\/wp-content\/uploads\/2019\/10\/cropped-Heimag_transp-1.png","width":989,"height":278,"caption":"Heins Maschinentechnik"},"image":{"@id":"http:\/\/heimag.net\/#\/schema\/logo\/image\/"}}]}},"_links":{"self":[{"href":"https:\/\/heimag.net\/index.php?rest_route=\/wp\/v2\/pages\/574","targetHints":{"allow":["GET"]}}],"collection":[{"href":"https:\/\/heimag.net\/index.php?rest_route=\/wp\/v2\/pages"}],"about":[{"href":"https:\/\/heimag.net\/index.php?rest_route=\/wp\/v2\/types\/page"}],"author":[{"embeddable":true,"href":"https:\/\/heimag.net\/index.php?rest_route=\/wp\/v2\/users\/1"}],"replies":[{"embeddable":true,"href":"https:\/\/heimag.net\/index.php?rest_route=%2Fwp%2Fv2%2Fcomments&post=574"}],"version-history":[{"count":9,"href":"https:\/\/heimag.net\/index.php?rest_route=\/wp\/v2\/pages\/574\/revisions"}],"predecessor-version":[{"id":624,"href":"https:\/\/heimag.net\/index.php?rest_route=\/wp\/v2\/pages\/574\/revisions\/624"}],"wp:attachment":[{"href":"https:\/\/heimag.net\/index.php?rest_route=%2Fwp%2Fv2%2Fmedia&parent=574"}],"curies":[{"name":"wp","href":"https:\/\/api.w.org\/{rel}","templated":true}]}}