{"id":374,"date":"2019-10-24T07:44:43","date_gmt":"2019-10-24T05:44:43","guid":{"rendered":"http:\/\/heimag.net\/?page_id=374"},"modified":"2019-11-11T11:29:55","modified_gmt":"2019-11-11T10:29:55","slug":"hauptbereich-liegt-im-maschinen-und-anlagenbau","status":"publish","type":"page","link":"https:\/\/heimag.net\/?page_id=374","title":{"rendered":"Heins Maschinen- und Anlagenbau"},"content":{"rendered":"<p><span style=\"font-size: 20px;\"><strong>HEINS MASCHINEN- UND ANLAGENBAU<\/strong><\/span><\/p>\n<hr \/>\n<p><span style=\"font-size: 14px;\">Unser Hauptbereich liegt im Maschinen- und Anlagenbau. Egal ob es ein kleines Transportband oder eine umfangreichere Anlage ist. F\u00f6rderanlagen jeglicher Art sind f\u00fcr Heins Maschinentechnik kein Problem. Durch unsere langj\u00e4hrige Erfahrung haben wir f\u00fcr alle Probleme eine L\u00f6sung.<\/span><\/p>\n<p><span style=\"font-size: 14px;\">Wir Planen und Fertigen nach Ihren W\u00fcnschen.<\/span><\/p>\n<p><img loading=\"lazy\" decoding=\"async\" src=\"http:\/\/heimag.net\/wp-content\/uploads\/2019\/11\/imageedit_10_9737865702-297x300.jpg\" alt=\"\" width=\"297\" height=\"300\" class=\"alignnone size-medium wp-image-748\" srcset=\"https:\/\/heimag.net\/wp-content\/uploads\/2019\/11\/imageedit_10_9737865702-297x300.jpg 297w, https:\/\/heimag.net\/wp-content\/uploads\/2019\/11\/imageedit_10_9737865702.jpg 454w\" sizes=\"auto, (max-width: 297px) 100vw, 297px\" \/><\/p>\n<div style=\"width: 296px;\" class=\"wp-video\"><video class=\"wp-video-shortcode\" id=\"video-374-1\" width=\"296\" height=\"520\" preload=\"metadata\" controls=\"controls\"><source type=\"video\/mp4\" src=\"http:\/\/heimag.net\/wp-content\/uploads\/2019\/11\/20180709_082144.mp4?_=1\" \/><a href=\"http:\/\/heimag.net\/wp-content\/uploads\/2019\/11\/20180709_082144.mp4\">http:\/\/heimag.net\/wp-content\/uploads\/2019\/11\/20180709_082144.mp4<\/a><\/video><\/div>\n<p>&nbsp;<\/p>\n<p>&nbsp;<\/p>\n<hr \/>\n<p><span style=\"font-size: 12px;\">Kontaktieren Sie uns einfach und teilen Sie uns Ihre individuellen W\u00fcnsche mit! Wir freuen uns auf Ihre Anfrage!<br \/>\nTelefon: 042 68 888 38 &#8211; 0<br \/>\nEmail: info(at)heimag.net<\/span><\/p>\n","protected":false},"excerpt":{"rendered":"<p>HEINS MASCHINEN- UND ANLAGENBAU Unser Hauptbereich liegt im Maschinen- und Anlagenbau. Egal ob es ein kleines Transportband oder eine umfangreichere Anlage ist. F\u00f6rderanlagen jeglicher Art sind f\u00fcr Heins Maschinentechnik kein Problem. Durch unsere langj\u00e4hrige Erfahrung haben wir f\u00fcr alle Probleme eine L\u00f6sung. Wir Planen und Fertigen nach Ihren W\u00fcnschen. &nbsp; &nbsp; Kontaktieren Sie uns einfach<\/p>\n","protected":false},"author":1,"featured_media":0,"parent":0,"menu_order":0,"comment_status":"closed","ping_status":"open","template":"","meta":{"footnotes":""},"class_list":["post-374","page","type-page","status-publish","hentry"],"yoast_head":"<!-- This site is optimized with the Yoast SEO plugin v26.7 - https:\/\/yoast.com\/wordpress\/plugins\/seo\/ -->\n<title>Heins Maschinen- und Anlagenbau - Heins Maschinentechnik<\/title>\n<meta name=\"description\" content=\"Hauptbereich liegt im Maschinen- und Anlagenbau.\" \/>\n<meta name=\"robots\" content=\"index, follow, max-snippet:-1, max-image-preview:large, max-video-preview:-1\" \/>\n<link rel=\"canonical\" href=\"http:\/\/heimag.net\/?page_id=374\" \/>\n<meta property=\"og:locale\" content=\"de_DE\" \/>\n<meta property=\"og:type\" content=\"article\" \/>\n<meta property=\"og:title\" content=\"Heins Maschinen- und Anlagenbau - Heins Maschinentechnik\" \/>\n<meta property=\"og:description\" content=\"Hauptbereich liegt im Maschinen- und Anlagenbau.\" \/>\n<meta property=\"og:url\" content=\"http:\/\/heimag.net\/?page_id=374\" \/>\n<meta property=\"og:site_name\" content=\"Heins Maschinentechnik\" \/>\n<meta property=\"article:modified_time\" content=\"2019-11-11T10:29:55+00:00\" \/>\n<meta property=\"og:image\" content=\"http:\/\/heimag.net\/wp-content\/uploads\/2019\/11\/imageedit_10_9737865702-297x300.jpg\" \/>\n<meta name=\"twitter:card\" content=\"summary_large_image\" \/>\n<script type=\"application\/ld+json\" class=\"yoast-schema-graph\">{\"@context\":\"https:\/\/schema.org\",\"@graph\":[{\"@type\":\"WebPage\",\"@id\":\"http:\/\/heimag.net\/?page_id=374\",\"url\":\"http:\/\/heimag.net\/?page_id=374\",\"name\":\"Heins Maschinen- und Anlagenbau - Heins Maschinentechnik\",\"isPartOf\":{\"@id\":\"https:\/\/heimag.net\/#website\"},\"primaryImageOfPage\":{\"@id\":\"http:\/\/heimag.net\/?page_id=374#primaryimage\"},\"image\":{\"@id\":\"http:\/\/heimag.net\/?page_id=374#primaryimage\"},\"thumbnailUrl\":\"http:\/\/heimag.net\/wp-content\/uploads\/2019\/11\/imageedit_10_9737865702-297x300.jpg\",\"datePublished\":\"2019-10-24T05:44:43+00:00\",\"dateModified\":\"2019-11-11T10:29:55+00:00\",\"description\":\"Hauptbereich liegt im Maschinen- und Anlagenbau.\",\"breadcrumb\":{\"@id\":\"http:\/\/heimag.net\/?page_id=374#breadcrumb\"},\"inLanguage\":\"de\",\"potentialAction\":[{\"@type\":\"ReadAction\",\"target\":[\"http:\/\/heimag.net\/?page_id=374\"]}]},{\"@type\":\"ImageObject\",\"inLanguage\":\"de\",\"@id\":\"http:\/\/heimag.net\/?page_id=374#primaryimage\",\"url\":\"https:\/\/heimag.net\/wp-content\/uploads\/2019\/11\/imageedit_10_9737865702.jpg\",\"contentUrl\":\"https:\/\/heimag.net\/wp-content\/uploads\/2019\/11\/imageedit_10_9737865702.jpg\",\"width\":454,\"height\":458},{\"@type\":\"BreadcrumbList\",\"@id\":\"http:\/\/heimag.net\/?page_id=374#breadcrumb\",\"itemListElement\":[{\"@type\":\"ListItem\",\"position\":1,\"name\":\"Startseite\",\"item\":\"https:\/\/heimag.net\/\"},{\"@type\":\"ListItem\",\"position\":2,\"name\":\"Heins Maschinen- und Anlagenbau\"}]},{\"@type\":\"WebSite\",\"@id\":\"https:\/\/heimag.net\/#website\",\"url\":\"https:\/\/heimag.net\/\",\"name\":\"Heins Maschinentechnik\",\"description\":\"- Wir erwecken Metall zum Leben -\",\"publisher\":{\"@id\":\"https:\/\/heimag.net\/#organization\"},\"potentialAction\":[{\"@type\":\"SearchAction\",\"target\":{\"@type\":\"EntryPoint\",\"urlTemplate\":\"https:\/\/heimag.net\/?s={search_term_string}\"},\"query-input\":{\"@type\":\"PropertyValueSpecification\",\"valueRequired\":true,\"valueName\":\"search_term_string\"}}],\"inLanguage\":\"de\"},{\"@type\":\"Organization\",\"@id\":\"https:\/\/heimag.net\/#organization\",\"name\":\"Heins Maschinentechnik\",\"url\":\"https:\/\/heimag.net\/\",\"logo\":{\"@type\":\"ImageObject\",\"inLanguage\":\"de\",\"@id\":\"https:\/\/heimag.net\/#\/schema\/logo\/image\/\",\"url\":\"https:\/\/heimag.net\/wp-content\/uploads\/2019\/10\/cropped-Heimag_transp-1.png\",\"contentUrl\":\"https:\/\/heimag.net\/wp-content\/uploads\/2019\/10\/cropped-Heimag_transp-1.png\",\"width\":989,\"height\":278,\"caption\":\"Heins Maschinentechnik\"},\"image\":{\"@id\":\"https:\/\/heimag.net\/#\/schema\/logo\/image\/\"}}]}<\/script>\n<!-- \/ Yoast SEO plugin. -->","yoast_head_json":{"title":"Heins Maschinen- und Anlagenbau - Heins Maschinentechnik","description":"Hauptbereich liegt im Maschinen- und Anlagenbau.","robots":{"index":"index","follow":"follow","max-snippet":"max-snippet:-1","max-image-preview":"max-image-preview:large","max-video-preview":"max-video-preview:-1"},"canonical":"http:\/\/heimag.net\/?page_id=374","og_locale":"de_DE","og_type":"article","og_title":"Heins Maschinen- und Anlagenbau - Heins Maschinentechnik","og_description":"Hauptbereich liegt im Maschinen- und Anlagenbau.","og_url":"http:\/\/heimag.net\/?page_id=374","og_site_name":"Heins Maschinentechnik","article_modified_time":"2019-11-11T10:29:55+00:00","og_image":[{"url":"http:\/\/heimag.net\/wp-content\/uploads\/2019\/11\/imageedit_10_9737865702-297x300.jpg","type":"","width":"","height":""}],"twitter_card":"summary_large_image","schema":{"@context":"https:\/\/schema.org","@graph":[{"@type":"WebPage","@id":"http:\/\/heimag.net\/?page_id=374","url":"http:\/\/heimag.net\/?page_id=374","name":"Heins Maschinen- und Anlagenbau - Heins Maschinentechnik","isPartOf":{"@id":"https:\/\/heimag.net\/#website"},"primaryImageOfPage":{"@id":"http:\/\/heimag.net\/?page_id=374#primaryimage"},"image":{"@id":"http:\/\/heimag.net\/?page_id=374#primaryimage"},"thumbnailUrl":"http:\/\/heimag.net\/wp-content\/uploads\/2019\/11\/imageedit_10_9737865702-297x300.jpg","datePublished":"2019-10-24T05:44:43+00:00","dateModified":"2019-11-11T10:29:55+00:00","description":"Hauptbereich liegt im Maschinen- und Anlagenbau.","breadcrumb":{"@id":"http:\/\/heimag.net\/?page_id=374#breadcrumb"},"inLanguage":"de","potentialAction":[{"@type":"ReadAction","target":["http:\/\/heimag.net\/?page_id=374"]}]},{"@type":"ImageObject","inLanguage":"de","@id":"http:\/\/heimag.net\/?page_id=374#primaryimage","url":"https:\/\/heimag.net\/wp-content\/uploads\/2019\/11\/imageedit_10_9737865702.jpg","contentUrl":"https:\/\/heimag.net\/wp-content\/uploads\/2019\/11\/imageedit_10_9737865702.jpg","width":454,"height":458},{"@type":"BreadcrumbList","@id":"http:\/\/heimag.net\/?page_id=374#breadcrumb","itemListElement":[{"@type":"ListItem","position":1,"name":"Startseite","item":"https:\/\/heimag.net\/"},{"@type":"ListItem","position":2,"name":"Heins Maschinen- und Anlagenbau"}]},{"@type":"WebSite","@id":"https:\/\/heimag.net\/#website","url":"https:\/\/heimag.net\/","name":"Heins Maschinentechnik","description":"- Wir erwecken Metall zum Leben -","publisher":{"@id":"https:\/\/heimag.net\/#organization"},"potentialAction":[{"@type":"SearchAction","target":{"@type":"EntryPoint","urlTemplate":"https:\/\/heimag.net\/?s={search_term_string}"},"query-input":{"@type":"PropertyValueSpecification","valueRequired":true,"valueName":"search_term_string"}}],"inLanguage":"de"},{"@type":"Organization","@id":"https:\/\/heimag.net\/#organization","name":"Heins Maschinentechnik","url":"https:\/\/heimag.net\/","logo":{"@type":"ImageObject","inLanguage":"de","@id":"https:\/\/heimag.net\/#\/schema\/logo\/image\/","url":"https:\/\/heimag.net\/wp-content\/uploads\/2019\/10\/cropped-Heimag_transp-1.png","contentUrl":"https:\/\/heimag.net\/wp-content\/uploads\/2019\/10\/cropped-Heimag_transp-1.png","width":989,"height":278,"caption":"Heins Maschinentechnik"},"image":{"@id":"https:\/\/heimag.net\/#\/schema\/logo\/image\/"}}]}},"_links":{"self":[{"href":"https:\/\/heimag.net\/index.php?rest_route=\/wp\/v2\/pages\/374","targetHints":{"allow":["GET"]}}],"collection":[{"href":"https:\/\/heimag.net\/index.php?rest_route=\/wp\/v2\/pages"}],"about":[{"href":"https:\/\/heimag.net\/index.php?rest_route=\/wp\/v2\/types\/page"}],"author":[{"embeddable":true,"href":"https:\/\/heimag.net\/index.php?rest_route=\/wp\/v2\/users\/1"}],"replies":[{"embeddable":true,"href":"https:\/\/heimag.net\/index.php?rest_route=%2Fwp%2Fv2%2Fcomments&post=374"}],"version-history":[{"count":39,"href":"https:\/\/heimag.net\/index.php?rest_route=\/wp\/v2\/pages\/374\/revisions"}],"predecessor-version":[{"id":781,"href":"https:\/\/heimag.net\/index.php?rest_route=\/wp\/v2\/pages\/374\/revisions\/781"}],"wp:attachment":[{"href":"https:\/\/heimag.net\/index.php?rest_route=%2Fwp%2Fv2%2Fmedia&parent=374"}],"curies":[{"name":"wp","href":"https:\/\/api.w.org\/{rel}","templated":true}]}}