{"id":650,"date":"2019-11-07T13:36:32","date_gmt":"2019-11-07T12:36:32","guid":{"rendered":"http:\/\/heimag.net\/?page_id=650"},"modified":"2019-11-08T16:29:27","modified_gmt":"2019-11-08T15:29:27","slug":"saegen-und-schneiden-2","status":"publish","type":"page","link":"http:\/\/heimag.net\/?page_id=650","title":{"rendered":"S\u00e4gen und Schneiden"},"content":{"rendered":"<p><span style=\"font-size: 20px;\"><strong>S\u00c4GEN UND SCHNEIDEN\u00a0<\/strong><\/span><\/p>\n<hr \/>\n<p><span style=\"font-size: 14px;\">Wir k\u00f6nnen Ihr gew\u00fcnschtes Material mit folgenden Verfahren und Techniken trennen:<br \/>\nMit speziellen Verfahren k\u00f6nnen sehr genaue Schnitte erstellt werden.<\/span><\/p>\n<ul>\n<li><span style=\"font-size: 14px; color: #808080;\">Blechschere<\/span><\/li>\n<li><span style=\"font-size: 14px; color: #808080;\">Kapp- und Gehrungss\u00e4gen<\/span><\/li>\n<li><span style=\"font-size: 14px; color: #808080;\">Bands\u00e4gen<\/span><\/li>\n<li><span style=\"font-size: 14px; color: #808080;\">Laserschneiden<\/span><\/li>\n<li><span style=\"font-size: 14px; color: #808080;\">Plasmaschneiden<\/span><\/li>\n<\/ul>\n<p>&nbsp;<\/p>\n<p><span style=\"font-size: 14px;\">\u00a0<\/span><img loading=\"lazy\" decoding=\"async\" src=\"http:\/\/heimag.net\/wp-content\/uploads\/2019\/11\/S\u00e4gen_heimag-226x300.jpg\" alt=\"\" width=\"226\" height=\"300\" class=\"alignnone size-medium wp-image-652\" srcset=\"http:\/\/heimag.net\/wp-content\/uploads\/2019\/11\/S\u00e4gen_heimag-226x300.jpg 226w, http:\/\/heimag.net\/wp-content\/uploads\/2019\/11\/S\u00e4gen_heimag.jpg 490w\" sizes=\"auto, (max-width: 226px) 100vw, 226px\" \/><\/p>\n<p>&nbsp;<\/p>\n<hr \/>\n<p><span style=\"font-size: 12px;\">Kontaktieren Sie uns einfach und teilen Sie uns Ihre individuellen W\u00fcnsche mit! Wir freuen uns auf Ihre Anfrage!<br \/>\nTelefon: 042 68 888 38 &#8211; 0<br \/>\nEmail: info(at)heimag.net<\/span><\/p>\n","protected":false},"excerpt":{"rendered":"<p>S\u00c4GEN UND SCHNEIDEN\u00a0 Wir k\u00f6nnen Ihr gew\u00fcnschtes Material mit folgenden Verfahren und Techniken trennen: Mit speziellen Verfahren k\u00f6nnen sehr genaue Schnitte erstellt werden. Blechschere Kapp- und Gehrungss\u00e4gen Bands\u00e4gen Laserschneiden Plasmaschneiden &nbsp; \u00a0 &nbsp; Kontaktieren Sie uns einfach und teilen Sie uns Ihre individuellen W\u00fcnsche mit! Wir freuen uns auf Ihre Anfrage! Telefon: 042 68 888<\/p>\n","protected":false},"author":1,"featured_media":0,"parent":0,"menu_order":0,"comment_status":"closed","ping_status":"open","template":"","meta":{"footnotes":""},"class_list":["post-650","page","type-page","status-publish","hentry"],"yoast_head":"<!-- This site is optimized with the Yoast SEO plugin v26.7 - https:\/\/yoast.com\/wordpress\/plugins\/seo\/ -->\n<title>S\u00e4gen und Schneiden<\/title>\n<meta name=\"description\" content=\"S\u00e4gen und Schneiden\" \/>\n<meta name=\"robots\" content=\"index, follow, max-snippet:-1, max-image-preview:large, max-video-preview:-1\" \/>\n<link rel=\"canonical\" href=\"http:\/\/heimag.net\/?page_id=650\" \/>\n<meta property=\"og:locale\" content=\"de_DE\" \/>\n<meta property=\"og:type\" content=\"article\" \/>\n<meta property=\"og:title\" content=\"S\u00e4gen und Schneiden\" \/>\n<meta property=\"og:description\" content=\"S\u00e4gen und Schneiden\" \/>\n<meta property=\"og:url\" content=\"http:\/\/heimag.net\/?page_id=650\" \/>\n<meta property=\"og:site_name\" content=\"Heins Maschinentechnik\" \/>\n<meta property=\"article:modified_time\" content=\"2019-11-08T15:29:27+00:00\" \/>\n<meta name=\"twitter:card\" content=\"summary_large_image\" \/>\n<script type=\"application\/ld+json\" class=\"yoast-schema-graph\">{\"@context\":\"https:\/\/schema.org\",\"@graph\":[{\"@type\":\"WebPage\",\"@id\":\"http:\/\/heimag.net\/?page_id=650\",\"url\":\"http:\/\/heimag.net\/?page_id=650\",\"name\":\"S\u00e4gen und Schneiden\",\"isPartOf\":{\"@id\":\"https:\/\/heimag.net\/#website\"},\"datePublished\":\"2019-11-07T12:36:32+00:00\",\"dateModified\":\"2019-11-08T15:29:27+00:00\",\"description\":\"S\u00e4gen und Schneiden\",\"breadcrumb\":{\"@id\":\"http:\/\/heimag.net\/?page_id=650#breadcrumb\"},\"inLanguage\":\"de\",\"potentialAction\":[{\"@type\":\"ReadAction\",\"target\":[\"http:\/\/heimag.net\/?page_id=650\"]}]},{\"@type\":\"BreadcrumbList\",\"@id\":\"http:\/\/heimag.net\/?page_id=650#breadcrumb\",\"itemListElement\":[{\"@type\":\"ListItem\",\"position\":1,\"name\":\"Startseite\",\"item\":\"https:\/\/heimag.net\/\"},{\"@type\":\"ListItem\",\"position\":2,\"name\":\"S\u00e4gen und Schneiden\"}]},{\"@type\":\"WebSite\",\"@id\":\"https:\/\/heimag.net\/#website\",\"url\":\"https:\/\/heimag.net\/\",\"name\":\"Heins Maschinentechnik\",\"description\":\"- Wir erwecken Metall zum Leben -\",\"publisher\":{\"@id\":\"https:\/\/heimag.net\/#organization\"},\"potentialAction\":[{\"@type\":\"SearchAction\",\"target\":{\"@type\":\"EntryPoint\",\"urlTemplate\":\"https:\/\/heimag.net\/?s={search_term_string}\"},\"query-input\":{\"@type\":\"PropertyValueSpecification\",\"valueRequired\":true,\"valueName\":\"search_term_string\"}}],\"inLanguage\":\"de\"},{\"@type\":\"Organization\",\"@id\":\"https:\/\/heimag.net\/#organization\",\"name\":\"Heins Maschinentechnik\",\"url\":\"https:\/\/heimag.net\/\",\"logo\":{\"@type\":\"ImageObject\",\"inLanguage\":\"de\",\"@id\":\"https:\/\/heimag.net\/#\/schema\/logo\/image\/\",\"url\":\"http:\/\/heimag.net\/wp-content\/uploads\/2019\/10\/cropped-Heimag_transp-1.png\",\"contentUrl\":\"http:\/\/heimag.net\/wp-content\/uploads\/2019\/10\/cropped-Heimag_transp-1.png\",\"width\":989,\"height\":278,\"caption\":\"Heins Maschinentechnik\"},\"image\":{\"@id\":\"https:\/\/heimag.net\/#\/schema\/logo\/image\/\"}}]}<\/script>\n<!-- \/ Yoast SEO plugin. -->","yoast_head_json":{"title":"S\u00e4gen und Schneiden","description":"S\u00e4gen und Schneiden","robots":{"index":"index","follow":"follow","max-snippet":"max-snippet:-1","max-image-preview":"max-image-preview:large","max-video-preview":"max-video-preview:-1"},"canonical":"http:\/\/heimag.net\/?page_id=650","og_locale":"de_DE","og_type":"article","og_title":"S\u00e4gen und Schneiden","og_description":"S\u00e4gen und Schneiden","og_url":"http:\/\/heimag.net\/?page_id=650","og_site_name":"Heins Maschinentechnik","article_modified_time":"2019-11-08T15:29:27+00:00","twitter_card":"summary_large_image","schema":{"@context":"https:\/\/schema.org","@graph":[{"@type":"WebPage","@id":"http:\/\/heimag.net\/?page_id=650","url":"http:\/\/heimag.net\/?page_id=650","name":"S\u00e4gen und Schneiden","isPartOf":{"@id":"https:\/\/heimag.net\/#website"},"datePublished":"2019-11-07T12:36:32+00:00","dateModified":"2019-11-08T15:29:27+00:00","description":"S\u00e4gen und Schneiden","breadcrumb":{"@id":"http:\/\/heimag.net\/?page_id=650#breadcrumb"},"inLanguage":"de","potentialAction":[{"@type":"ReadAction","target":["http:\/\/heimag.net\/?page_id=650"]}]},{"@type":"BreadcrumbList","@id":"http:\/\/heimag.net\/?page_id=650#breadcrumb","itemListElement":[{"@type":"ListItem","position":1,"name":"Startseite","item":"https:\/\/heimag.net\/"},{"@type":"ListItem","position":2,"name":"S\u00e4gen und Schneiden"}]},{"@type":"WebSite","@id":"https:\/\/heimag.net\/#website","url":"https:\/\/heimag.net\/","name":"Heins Maschinentechnik","description":"- Wir erwecken Metall zum Leben -","publisher":{"@id":"https:\/\/heimag.net\/#organization"},"potentialAction":[{"@type":"SearchAction","target":{"@type":"EntryPoint","urlTemplate":"https:\/\/heimag.net\/?s={search_term_string}"},"query-input":{"@type":"PropertyValueSpecification","valueRequired":true,"valueName":"search_term_string"}}],"inLanguage":"de"},{"@type":"Organization","@id":"https:\/\/heimag.net\/#organization","name":"Heins Maschinentechnik","url":"https:\/\/heimag.net\/","logo":{"@type":"ImageObject","inLanguage":"de","@id":"https:\/\/heimag.net\/#\/schema\/logo\/image\/","url":"http:\/\/heimag.net\/wp-content\/uploads\/2019\/10\/cropped-Heimag_transp-1.png","contentUrl":"http:\/\/heimag.net\/wp-content\/uploads\/2019\/10\/cropped-Heimag_transp-1.png","width":989,"height":278,"caption":"Heins Maschinentechnik"},"image":{"@id":"https:\/\/heimag.net\/#\/schema\/logo\/image\/"}}]}},"_links":{"self":[{"href":"http:\/\/heimag.net\/index.php?rest_route=\/wp\/v2\/pages\/650","targetHints":{"allow":["GET"]}}],"collection":[{"href":"http:\/\/heimag.net\/index.php?rest_route=\/wp\/v2\/pages"}],"about":[{"href":"http:\/\/heimag.net\/index.php?rest_route=\/wp\/v2\/types\/page"}],"author":[{"embeddable":true,"href":"http:\/\/heimag.net\/index.php?rest_route=\/wp\/v2\/users\/1"}],"replies":[{"embeddable":true,"href":"http:\/\/heimag.net\/index.php?rest_route=%2Fwp%2Fv2%2Fcomments&post=650"}],"version-history":[{"count":7,"href":"http:\/\/heimag.net\/index.php?rest_route=\/wp\/v2\/pages\/650\/revisions"}],"predecessor-version":[{"id":721,"href":"http:\/\/heimag.net\/index.php?rest_route=\/wp\/v2\/pages\/650\/revisions\/721"}],"wp:attachment":[{"href":"http:\/\/heimag.net\/index.php?rest_route=%2Fwp%2Fv2%2Fmedia&parent=650"}],"curies":[{"name":"wp","href":"https:\/\/api.w.org\/{rel}","templated":true}]}}