{"id":641,"date":"2019-11-07T13:22:33","date_gmt":"2019-11-07T12:22:33","guid":{"rendered":"http:\/\/heimag.net\/?page_id=641"},"modified":"2019-11-08T16:42:28","modified_gmt":"2019-11-08T15:42:28","slug":"heins-foerderschnecken-bau","status":"publish","type":"page","link":"http:\/\/heimag.net\/?page_id=641","title":{"rendered":"Heins F\u00f6rdertechnik"},"content":{"rendered":"<p><span style=\"font-size: 20px;\"><strong>F\u00d6RDERTECHNIK<br \/>\n<\/strong><\/span><\/p>\n<hr \/>\n<p><span style=\"color: #808080; font-size: 14px;\">Wir planen, konstruieren und fertigen Jederart Ihrer gew\u00fcnschten F\u00f6rdertechnik.<\/span><\/p>\n<ul>\n<li><span style=\"font-size: 14px; color: #808080;\">F\u00f6rderschnecken<\/span><\/li>\n<li><span style=\"font-size: 14px; color: #808080;\">F\u00f6rderb\u00e4nder<\/span><\/li>\n<li><span style=\"font-size: 14px; color: #808080;\">Kettenf\u00f6rderer<\/span><\/li>\n<li><span style=\"font-size: 14px; color: #808080;\">K\u00fcbelbahnen<\/span><\/li>\n<\/ul>\n<p>&nbsp;<\/p>\n<p><img loading=\"lazy\" decoding=\"async\" src=\"http:\/\/heimag.net\/wp-content\/uploads\/2019\/11\/Schn_new-201x300.jpg\" alt=\"\" width=\"201\" height=\"300\" class=\"alignnone size-medium wp-image-646\" srcset=\"http:\/\/heimag.net\/wp-content\/uploads\/2019\/11\/Schn_new-201x300.jpg 201w, http:\/\/heimag.net\/wp-content\/uploads\/2019\/11\/Schn_new.jpg 337w\" sizes=\"auto, (max-width: 201px) 100vw, 201px\" \/><\/p>\n<hr \/>\n<p><span style=\"font-size: 12px;\">Kontaktieren Sie uns einfach und teilen Sie uns Ihre individuellen W\u00fcnsche mit! Wir freuen uns auf Ihre Anfrage!<br \/>\nTelefon: 042 68 888 38 &#8211; 0<br \/>\nEmail: info(at)heimag.net<\/span><\/p>\n<p>&nbsp;<\/p>\n","protected":false},"excerpt":{"rendered":"<p>F\u00d6RDERTECHNIK Wir planen, konstruieren und fertigen Jederart Ihrer gew\u00fcnschten F\u00f6rdertechnik. F\u00f6rderschnecken F\u00f6rderb\u00e4nder Kettenf\u00f6rderer K\u00fcbelbahnen &nbsp; Kontaktieren Sie uns einfach und teilen Sie uns Ihre individuellen W\u00fcnsche mit! Wir freuen uns auf Ihre Anfrage! Telefon: 042 68 888 38 &#8211; 0 Email: info(at)heimag.net &nbsp;<\/p>\n","protected":false},"author":1,"featured_media":0,"parent":0,"menu_order":0,"comment_status":"closed","ping_status":"open","template":"","meta":{"footnotes":""},"class_list":["post-641","page","type-page","status-publish","hentry"],"yoast_head":"<!-- This site is optimized with the Yoast SEO plugin v26.7 - https:\/\/yoast.com\/wordpress\/plugins\/seo\/ -->\n<title>F\u00f6rderschnecken Bau<\/title>\n<meta name=\"description\" content=\"F\u00f6rderschnecken Bau\" \/>\n<meta name=\"robots\" content=\"index, follow, max-snippet:-1, max-image-preview:large, max-video-preview:-1\" \/>\n<link rel=\"canonical\" href=\"http:\/\/heimag.net\/?page_id=641\" \/>\n<meta property=\"og:locale\" content=\"de_DE\" \/>\n<meta property=\"og:type\" content=\"article\" \/>\n<meta property=\"og:title\" content=\"F\u00f6rderschnecken Bau\" \/>\n<meta property=\"og:description\" content=\"F\u00f6rderschnecken Bau\" \/>\n<meta property=\"og:url\" content=\"http:\/\/heimag.net\/?page_id=641\" \/>\n<meta property=\"og:site_name\" content=\"Heins Maschinentechnik\" \/>\n<meta property=\"article:modified_time\" content=\"2019-11-08T15:42:28+00:00\" \/>\n<meta property=\"og:image\" content=\"http:\/\/heimag.net\/wp-content\/uploads\/2019\/11\/Schn_new-201x300.jpg\" \/>\n<meta name=\"twitter:card\" content=\"summary_large_image\" \/>\n<script type=\"application\/ld+json\" class=\"yoast-schema-graph\">{\"@context\":\"https:\/\/schema.org\",\"@graph\":[{\"@type\":\"WebPage\",\"@id\":\"http:\/\/heimag.net\/?page_id=641\",\"url\":\"http:\/\/heimag.net\/?page_id=641\",\"name\":\"F\u00f6rderschnecken Bau\",\"isPartOf\":{\"@id\":\"https:\/\/heimag.net\/#website\"},\"primaryImageOfPage\":{\"@id\":\"http:\/\/heimag.net\/?page_id=641#primaryimage\"},\"image\":{\"@id\":\"http:\/\/heimag.net\/?page_id=641#primaryimage\"},\"thumbnailUrl\":\"http:\/\/heimag.net\/wp-content\/uploads\/2019\/11\/Schn_new-201x300.jpg\",\"datePublished\":\"2019-11-07T12:22:33+00:00\",\"dateModified\":\"2019-11-08T15:42:28+00:00\",\"description\":\"F\u00f6rderschnecken Bau\",\"breadcrumb\":{\"@id\":\"http:\/\/heimag.net\/?page_id=641#breadcrumb\"},\"inLanguage\":\"de\",\"potentialAction\":[{\"@type\":\"ReadAction\",\"target\":[\"http:\/\/heimag.net\/?page_id=641\"]}]},{\"@type\":\"ImageObject\",\"inLanguage\":\"de\",\"@id\":\"http:\/\/heimag.net\/?page_id=641#primaryimage\",\"url\":\"http:\/\/heimag.net\/wp-content\/uploads\/2019\/11\/Schn_new.jpg\",\"contentUrl\":\"http:\/\/heimag.net\/wp-content\/uploads\/2019\/11\/Schn_new.jpg\",\"width\":337,\"height\":504},{\"@type\":\"BreadcrumbList\",\"@id\":\"http:\/\/heimag.net\/?page_id=641#breadcrumb\",\"itemListElement\":[{\"@type\":\"ListItem\",\"position\":1,\"name\":\"Startseite\",\"item\":\"https:\/\/heimag.net\/\"},{\"@type\":\"ListItem\",\"position\":2,\"name\":\"Heins F\u00f6rdertechnik\"}]},{\"@type\":\"WebSite\",\"@id\":\"https:\/\/heimag.net\/#website\",\"url\":\"https:\/\/heimag.net\/\",\"name\":\"Heins Maschinentechnik\",\"description\":\"- Wir erwecken Metall zum Leben -\",\"publisher\":{\"@id\":\"https:\/\/heimag.net\/#organization\"},\"potentialAction\":[{\"@type\":\"SearchAction\",\"target\":{\"@type\":\"EntryPoint\",\"urlTemplate\":\"https:\/\/heimag.net\/?s={search_term_string}\"},\"query-input\":{\"@type\":\"PropertyValueSpecification\",\"valueRequired\":true,\"valueName\":\"search_term_string\"}}],\"inLanguage\":\"de\"},{\"@type\":\"Organization\",\"@id\":\"https:\/\/heimag.net\/#organization\",\"name\":\"Heins Maschinentechnik\",\"url\":\"https:\/\/heimag.net\/\",\"logo\":{\"@type\":\"ImageObject\",\"inLanguage\":\"de\",\"@id\":\"https:\/\/heimag.net\/#\/schema\/logo\/image\/\",\"url\":\"http:\/\/heimag.net\/wp-content\/uploads\/2019\/10\/cropped-Heimag_transp-1.png\",\"contentUrl\":\"http:\/\/heimag.net\/wp-content\/uploads\/2019\/10\/cropped-Heimag_transp-1.png\",\"width\":989,\"height\":278,\"caption\":\"Heins Maschinentechnik\"},\"image\":{\"@id\":\"https:\/\/heimag.net\/#\/schema\/logo\/image\/\"}}]}<\/script>\n<!-- \/ Yoast SEO plugin. -->","yoast_head_json":{"title":"F\u00f6rderschnecken Bau","description":"F\u00f6rderschnecken Bau","robots":{"index":"index","follow":"follow","max-snippet":"max-snippet:-1","max-image-preview":"max-image-preview:large","max-video-preview":"max-video-preview:-1"},"canonical":"http:\/\/heimag.net\/?page_id=641","og_locale":"de_DE","og_type":"article","og_title":"F\u00f6rderschnecken Bau","og_description":"F\u00f6rderschnecken Bau","og_url":"http:\/\/heimag.net\/?page_id=641","og_site_name":"Heins Maschinentechnik","article_modified_time":"2019-11-08T15:42:28+00:00","og_image":[{"url":"http:\/\/heimag.net\/wp-content\/uploads\/2019\/11\/Schn_new-201x300.jpg","type":"","width":"","height":""}],"twitter_card":"summary_large_image","schema":{"@context":"https:\/\/schema.org","@graph":[{"@type":"WebPage","@id":"http:\/\/heimag.net\/?page_id=641","url":"http:\/\/heimag.net\/?page_id=641","name":"F\u00f6rderschnecken Bau","isPartOf":{"@id":"https:\/\/heimag.net\/#website"},"primaryImageOfPage":{"@id":"http:\/\/heimag.net\/?page_id=641#primaryimage"},"image":{"@id":"http:\/\/heimag.net\/?page_id=641#primaryimage"},"thumbnailUrl":"http:\/\/heimag.net\/wp-content\/uploads\/2019\/11\/Schn_new-201x300.jpg","datePublished":"2019-11-07T12:22:33+00:00","dateModified":"2019-11-08T15:42:28+00:00","description":"F\u00f6rderschnecken Bau","breadcrumb":{"@id":"http:\/\/heimag.net\/?page_id=641#breadcrumb"},"inLanguage":"de","potentialAction":[{"@type":"ReadAction","target":["http:\/\/heimag.net\/?page_id=641"]}]},{"@type":"ImageObject","inLanguage":"de","@id":"http:\/\/heimag.net\/?page_id=641#primaryimage","url":"http:\/\/heimag.net\/wp-content\/uploads\/2019\/11\/Schn_new.jpg","contentUrl":"http:\/\/heimag.net\/wp-content\/uploads\/2019\/11\/Schn_new.jpg","width":337,"height":504},{"@type":"BreadcrumbList","@id":"http:\/\/heimag.net\/?page_id=641#breadcrumb","itemListElement":[{"@type":"ListItem","position":1,"name":"Startseite","item":"https:\/\/heimag.net\/"},{"@type":"ListItem","position":2,"name":"Heins F\u00f6rdertechnik"}]},{"@type":"WebSite","@id":"https:\/\/heimag.net\/#website","url":"https:\/\/heimag.net\/","name":"Heins Maschinentechnik","description":"- Wir erwecken Metall zum Leben -","publisher":{"@id":"https:\/\/heimag.net\/#organization"},"potentialAction":[{"@type":"SearchAction","target":{"@type":"EntryPoint","urlTemplate":"https:\/\/heimag.net\/?s={search_term_string}"},"query-input":{"@type":"PropertyValueSpecification","valueRequired":true,"valueName":"search_term_string"}}],"inLanguage":"de"},{"@type":"Organization","@id":"https:\/\/heimag.net\/#organization","name":"Heins Maschinentechnik","url":"https:\/\/heimag.net\/","logo":{"@type":"ImageObject","inLanguage":"de","@id":"https:\/\/heimag.net\/#\/schema\/logo\/image\/","url":"http:\/\/heimag.net\/wp-content\/uploads\/2019\/10\/cropped-Heimag_transp-1.png","contentUrl":"http:\/\/heimag.net\/wp-content\/uploads\/2019\/10\/cropped-Heimag_transp-1.png","width":989,"height":278,"caption":"Heins Maschinentechnik"},"image":{"@id":"https:\/\/heimag.net\/#\/schema\/logo\/image\/"}}]}},"_links":{"self":[{"href":"http:\/\/heimag.net\/index.php?rest_route=\/wp\/v2\/pages\/641","targetHints":{"allow":["GET"]}}],"collection":[{"href":"http:\/\/heimag.net\/index.php?rest_route=\/wp\/v2\/pages"}],"about":[{"href":"http:\/\/heimag.net\/index.php?rest_route=\/wp\/v2\/types\/page"}],"author":[{"embeddable":true,"href":"http:\/\/heimag.net\/index.php?rest_route=\/wp\/v2\/users\/1"}],"replies":[{"embeddable":true,"href":"http:\/\/heimag.net\/index.php?rest_route=%2Fwp%2Fv2%2Fcomments&post=641"}],"version-history":[{"count":6,"href":"http:\/\/heimag.net\/index.php?rest_route=\/wp\/v2\/pages\/641\/revisions"}],"predecessor-version":[{"id":724,"href":"http:\/\/heimag.net\/index.php?rest_route=\/wp\/v2\/pages\/641\/revisions\/724"}],"wp:attachment":[{"href":"http:\/\/heimag.net\/index.php?rest_route=%2Fwp%2Fv2%2Fmedia&parent=641"}],"curies":[{"name":"wp","href":"https:\/\/api.w.org\/{rel}","templated":true}]}}