{"id":560,"date":"2019-10-30T09:29:01","date_gmt":"2019-10-30T08:29:01","guid":{"rendered":"http:\/\/heimag.net\/?page_id=560"},"modified":"2019-11-11T08:06:12","modified_gmt":"2019-11-11T07:06:12","slug":"http-heimag-net-page_id560","status":"publish","type":"page","link":"http:\/\/heimag.net\/?page_id=560","title":{"rendered":"Heimag Knickf\u00f6rderb\u00e4nder"},"content":{"rendered":"<p><span style=\"font-size: 20px;\"><strong>HEINS KNICKF\u00d6RDERB\u00c4NDER<\/strong><\/span><\/p>\n<hr \/>\n<p><span style=\"font-size: 14px;\">Unsere <strong>Knickf\u00f6rderb\u00e4nder<\/strong> f\u00fcr die <strong>LKW-Entladung<\/strong> haben sich seit Jahren f\u00fcr Sch\u00fcttg\u00fcter wie Kohle, Getreide, D\u00fcnger etc. bew\u00e4hrt.\u00a0<\/span><br \/>\n<span style=\"font-size: 14px;\"><\/span><\/p>\n<p><span style=\"font-size: 14px;\">Montiert an<strong> Kippfahrzeuge<\/strong> mit <strong>Getreideschieber<\/strong> oder<strong> Schubbodenfahrzeuge<\/strong> reduzieren die B\u00e4nder aufgrund ihres geringen Eigengewichtes die Zuladung Ihres LKW nur wenig, erlauben aber mit ihrer <strong>Schwenkvorrichtung<\/strong> eine punktgenaue Entladung in einem Radius von 90 Grad und bis zu einer H\u00f6he von 4 m oder mehr, je nach Wunsch.<\/span><br \/>\n<span style=\"font-size: 14px;\"><\/span><\/p>\n<p><img loading=\"lazy\" decoding=\"async\" src=\"http:\/\/heimag.net\/wp-content\/uploads\/2019\/10\/03-235x300.jpg\" alt=\"\" width=\"235\" height=\"300\" class=\"alignnone size-medium wp-image-570\" srcset=\"http:\/\/heimag.net\/wp-content\/uploads\/2019\/10\/03-235x300.jpg 235w, http:\/\/heimag.net\/wp-content\/uploads\/2019\/10\/03.jpg 646w\" sizes=\"auto, (max-width: 235px) 100vw, 235px\" \/>\u00a0 \u00a0 \u00a0 \u00a0 \u00a0 \u00a0 \u00a0 \u00a0<img loading=\"lazy\" decoding=\"async\" src=\"http:\/\/heimag.net\/wp-content\/uploads\/2019\/11\/heimag4-300x188.jpg\" alt=\"\" width=\"300\" height=\"188\" class=\"alignnone size-medium wp-image-744\" srcset=\"http:\/\/heimag.net\/wp-content\/uploads\/2019\/11\/heimag4-300x188.jpg 300w, http:\/\/heimag.net\/wp-content\/uploads\/2019\/11\/heimag4-768x480.jpg 768w, http:\/\/heimag.net\/wp-content\/uploads\/2019\/11\/heimag4-1024x640.jpg 1024w, http:\/\/heimag.net\/wp-content\/uploads\/2019\/11\/heimag4.jpg 1700w\" sizes=\"auto, (max-width: 300px) 100vw, 300px\" \/><\/p>\n<p><span style=\"font-size: 14px;\">Die Konstruktion kann bei Bedarf bei Kippfahrzeugen laufend an- und abgebaut werden, sowie bei Schubbodenfahrzeugen zur Erhaltung der \u00fcblichen <strong>Entladefunktion<\/strong> durch die Heckt\u00fcren auch unter dem Auflieger eingebaut werden.<\/span><\/p>\n<hr \/>\n<p><span style=\"font-size: 14px;\"><span style=\"font-size: 12px;\">Kontaktieren Sie uns einfach und teilen Sie uns Ihre individuellen W\u00fcnsche mit! Wir freuen uns auf Ihre Anfrage!<\/span><br \/>\n<span style=\"font-size: 12px;\">Telefon: 042 68 888 38 &#8211; 0<\/span><br \/>\n<span style=\"font-size: 12px;\">Email: info(at)heimag.net<\/span>\u00a0<\/span><\/p>\n","protected":false},"excerpt":{"rendered":"<p>HEINS KNICKF\u00d6RDERB\u00c4NDER Unsere Knickf\u00f6rderb\u00e4nder f\u00fcr die LKW-Entladung haben sich seit Jahren f\u00fcr Sch\u00fcttg\u00fcter wie Kohle, Getreide, D\u00fcnger etc. bew\u00e4hrt.\u00a0 Montiert an Kippfahrzeuge mit Getreideschieber oder Schubbodenfahrzeuge reduzieren die B\u00e4nder aufgrund ihres geringen Eigengewichtes die Zuladung Ihres LKW nur wenig, erlauben aber mit ihrer Schwenkvorrichtung eine punktgenaue Entladung in einem Radius von 90 Grad und bis<\/p>\n","protected":false},"author":1,"featured_media":0,"parent":0,"menu_order":0,"comment_status":"closed","ping_status":"open","template":"","meta":{"footnotes":""},"class_list":["post-560","page","type-page","status-publish","hentry"],"yoast_head":"<!-- This site is optimized with the Yoast SEO plugin v26.7 - https:\/\/yoast.com\/wordpress\/plugins\/seo\/ -->\n<title>Heimag Knickf\u00f6rderb\u00e4nder und Kippfahrzeuge mit Getreideschieber<\/title>\n<meta name=\"description\" content=\"Heimag Knickf\u00f6rderb\u00e4nder, Kippfahrzeuge, Getreideschieber, Schwenkvorrichtung, eine punktgenaue Entladung, Schubbodenfahrzeugen, zur Erhaltung der \u00fcblichen Entladefunktion\" \/>\n<meta name=\"robots\" content=\"index, follow, max-snippet:-1, max-image-preview:large, max-video-preview:-1\" \/>\n<link rel=\"canonical\" href=\"http:\/\/heimag.net\/?page_id=560\" \/>\n<meta property=\"og:locale\" content=\"de_DE\" \/>\n<meta property=\"og:type\" content=\"article\" \/>\n<meta property=\"og:title\" content=\"Heimag Knickf\u00f6rderb\u00e4nder und Kippfahrzeuge mit Getreideschieber\" \/>\n<meta property=\"og:description\" content=\"Heimag Knickf\u00f6rderb\u00e4nder, Kippfahrzeuge, Getreideschieber, Schwenkvorrichtung, eine punktgenaue Entladung, Schubbodenfahrzeugen, zur Erhaltung der \u00fcblichen Entladefunktion\" \/>\n<meta property=\"og:url\" content=\"http:\/\/heimag.net\/?page_id=560\" \/>\n<meta property=\"og:site_name\" content=\"Heins Maschinentechnik\" \/>\n<meta property=\"article:modified_time\" content=\"2019-11-11T07:06:12+00:00\" \/>\n<meta property=\"og:image\" content=\"http:\/\/heimag.net\/wp-content\/uploads\/2019\/10\/03-235x300.jpg\" \/>\n<meta name=\"twitter:card\" content=\"summary_large_image\" \/>\n<meta name=\"twitter:label1\" content=\"Gesch\u00e4tzte Lesezeit\" \/>\n\t<meta name=\"twitter:data1\" content=\"1\u00a0Minute\" \/>\n<script type=\"application\/ld+json\" class=\"yoast-schema-graph\">{\"@context\":\"https:\/\/schema.org\",\"@graph\":[{\"@type\":\"WebPage\",\"@id\":\"http:\/\/heimag.net\/?page_id=560\",\"url\":\"http:\/\/heimag.net\/?page_id=560\",\"name\":\"Heimag Knickf\u00f6rderb\u00e4nder und Kippfahrzeuge mit Getreideschieber\",\"isPartOf\":{\"@id\":\"https:\/\/heimag.net\/#website\"},\"primaryImageOfPage\":{\"@id\":\"http:\/\/heimag.net\/?page_id=560#primaryimage\"},\"image\":{\"@id\":\"http:\/\/heimag.net\/?page_id=560#primaryimage\"},\"thumbnailUrl\":\"http:\/\/heimag.net\/wp-content\/uploads\/2019\/10\/03-235x300.jpg\",\"datePublished\":\"2019-10-30T08:29:01+00:00\",\"dateModified\":\"2019-11-11T07:06:12+00:00\",\"description\":\"Heimag Knickf\u00f6rderb\u00e4nder, Kippfahrzeuge, Getreideschieber, Schwenkvorrichtung, eine punktgenaue Entladung, Schubbodenfahrzeugen, zur Erhaltung der \u00fcblichen Entladefunktion\",\"breadcrumb\":{\"@id\":\"http:\/\/heimag.net\/?page_id=560#breadcrumb\"},\"inLanguage\":\"de\",\"potentialAction\":[{\"@type\":\"ReadAction\",\"target\":[\"http:\/\/heimag.net\/?page_id=560\"]}]},{\"@type\":\"ImageObject\",\"inLanguage\":\"de\",\"@id\":\"http:\/\/heimag.net\/?page_id=560#primaryimage\",\"url\":\"http:\/\/heimag.net\/wp-content\/uploads\/2019\/10\/03.jpg\",\"contentUrl\":\"http:\/\/heimag.net\/wp-content\/uploads\/2019\/10\/03.jpg\",\"width\":646,\"height\":824},{\"@type\":\"BreadcrumbList\",\"@id\":\"http:\/\/heimag.net\/?page_id=560#breadcrumb\",\"itemListElement\":[{\"@type\":\"ListItem\",\"position\":1,\"name\":\"Startseite\",\"item\":\"https:\/\/heimag.net\/\"},{\"@type\":\"ListItem\",\"position\":2,\"name\":\"Heimag Knickf\u00f6rderb\u00e4nder\"}]},{\"@type\":\"WebSite\",\"@id\":\"https:\/\/heimag.net\/#website\",\"url\":\"https:\/\/heimag.net\/\",\"name\":\"Heins Maschinentechnik\",\"description\":\"- Wir erwecken Metall zum Leben -\",\"publisher\":{\"@id\":\"https:\/\/heimag.net\/#organization\"},\"potentialAction\":[{\"@type\":\"SearchAction\",\"target\":{\"@type\":\"EntryPoint\",\"urlTemplate\":\"https:\/\/heimag.net\/?s={search_term_string}\"},\"query-input\":{\"@type\":\"PropertyValueSpecification\",\"valueRequired\":true,\"valueName\":\"search_term_string\"}}],\"inLanguage\":\"de\"},{\"@type\":\"Organization\",\"@id\":\"https:\/\/heimag.net\/#organization\",\"name\":\"Heins Maschinentechnik\",\"url\":\"https:\/\/heimag.net\/\",\"logo\":{\"@type\":\"ImageObject\",\"inLanguage\":\"de\",\"@id\":\"https:\/\/heimag.net\/#\/schema\/logo\/image\/\",\"url\":\"http:\/\/heimag.net\/wp-content\/uploads\/2019\/10\/cropped-Heimag_transp-1.png\",\"contentUrl\":\"http:\/\/heimag.net\/wp-content\/uploads\/2019\/10\/cropped-Heimag_transp-1.png\",\"width\":989,\"height\":278,\"caption\":\"Heins Maschinentechnik\"},\"image\":{\"@id\":\"https:\/\/heimag.net\/#\/schema\/logo\/image\/\"}}]}<\/script>\n<!-- \/ Yoast SEO plugin. -->","yoast_head_json":{"title":"Heimag Knickf\u00f6rderb\u00e4nder und Kippfahrzeuge mit Getreideschieber","description":"Heimag Knickf\u00f6rderb\u00e4nder, Kippfahrzeuge, Getreideschieber, Schwenkvorrichtung, eine punktgenaue Entladung, Schubbodenfahrzeugen, zur Erhaltung der \u00fcblichen Entladefunktion","robots":{"index":"index","follow":"follow","max-snippet":"max-snippet:-1","max-image-preview":"max-image-preview:large","max-video-preview":"max-video-preview:-1"},"canonical":"http:\/\/heimag.net\/?page_id=560","og_locale":"de_DE","og_type":"article","og_title":"Heimag Knickf\u00f6rderb\u00e4nder und Kippfahrzeuge mit Getreideschieber","og_description":"Heimag Knickf\u00f6rderb\u00e4nder, Kippfahrzeuge, Getreideschieber, Schwenkvorrichtung, eine punktgenaue Entladung, Schubbodenfahrzeugen, zur Erhaltung der \u00fcblichen Entladefunktion","og_url":"http:\/\/heimag.net\/?page_id=560","og_site_name":"Heins Maschinentechnik","article_modified_time":"2019-11-11T07:06:12+00:00","og_image":[{"url":"http:\/\/heimag.net\/wp-content\/uploads\/2019\/10\/03-235x300.jpg","type":"","width":"","height":""}],"twitter_card":"summary_large_image","twitter_misc":{"Gesch\u00e4tzte Lesezeit":"1\u00a0Minute"},"schema":{"@context":"https:\/\/schema.org","@graph":[{"@type":"WebPage","@id":"http:\/\/heimag.net\/?page_id=560","url":"http:\/\/heimag.net\/?page_id=560","name":"Heimag Knickf\u00f6rderb\u00e4nder und Kippfahrzeuge mit Getreideschieber","isPartOf":{"@id":"https:\/\/heimag.net\/#website"},"primaryImageOfPage":{"@id":"http:\/\/heimag.net\/?page_id=560#primaryimage"},"image":{"@id":"http:\/\/heimag.net\/?page_id=560#primaryimage"},"thumbnailUrl":"http:\/\/heimag.net\/wp-content\/uploads\/2019\/10\/03-235x300.jpg","datePublished":"2019-10-30T08:29:01+00:00","dateModified":"2019-11-11T07:06:12+00:00","description":"Heimag Knickf\u00f6rderb\u00e4nder, Kippfahrzeuge, Getreideschieber, Schwenkvorrichtung, eine punktgenaue Entladung, Schubbodenfahrzeugen, zur Erhaltung der \u00fcblichen Entladefunktion","breadcrumb":{"@id":"http:\/\/heimag.net\/?page_id=560#breadcrumb"},"inLanguage":"de","potentialAction":[{"@type":"ReadAction","target":["http:\/\/heimag.net\/?page_id=560"]}]},{"@type":"ImageObject","inLanguage":"de","@id":"http:\/\/heimag.net\/?page_id=560#primaryimage","url":"http:\/\/heimag.net\/wp-content\/uploads\/2019\/10\/03.jpg","contentUrl":"http:\/\/heimag.net\/wp-content\/uploads\/2019\/10\/03.jpg","width":646,"height":824},{"@type":"BreadcrumbList","@id":"http:\/\/heimag.net\/?page_id=560#breadcrumb","itemListElement":[{"@type":"ListItem","position":1,"name":"Startseite","item":"https:\/\/heimag.net\/"},{"@type":"ListItem","position":2,"name":"Heimag Knickf\u00f6rderb\u00e4nder"}]},{"@type":"WebSite","@id":"https:\/\/heimag.net\/#website","url":"https:\/\/heimag.net\/","name":"Heins Maschinentechnik","description":"- Wir erwecken Metall zum Leben -","publisher":{"@id":"https:\/\/heimag.net\/#organization"},"potentialAction":[{"@type":"SearchAction","target":{"@type":"EntryPoint","urlTemplate":"https:\/\/heimag.net\/?s={search_term_string}"},"query-input":{"@type":"PropertyValueSpecification","valueRequired":true,"valueName":"search_term_string"}}],"inLanguage":"de"},{"@type":"Organization","@id":"https:\/\/heimag.net\/#organization","name":"Heins Maschinentechnik","url":"https:\/\/heimag.net\/","logo":{"@type":"ImageObject","inLanguage":"de","@id":"https:\/\/heimag.net\/#\/schema\/logo\/image\/","url":"http:\/\/heimag.net\/wp-content\/uploads\/2019\/10\/cropped-Heimag_transp-1.png","contentUrl":"http:\/\/heimag.net\/wp-content\/uploads\/2019\/10\/cropped-Heimag_transp-1.png","width":989,"height":278,"caption":"Heins Maschinentechnik"},"image":{"@id":"https:\/\/heimag.net\/#\/schema\/logo\/image\/"}}]}},"_links":{"self":[{"href":"http:\/\/heimag.net\/index.php?rest_route=\/wp\/v2\/pages\/560","targetHints":{"allow":["GET"]}}],"collection":[{"href":"http:\/\/heimag.net\/index.php?rest_route=\/wp\/v2\/pages"}],"about":[{"href":"http:\/\/heimag.net\/index.php?rest_route=\/wp\/v2\/types\/page"}],"author":[{"embeddable":true,"href":"http:\/\/heimag.net\/index.php?rest_route=\/wp\/v2\/users\/1"}],"replies":[{"embeddable":true,"href":"http:\/\/heimag.net\/index.php?rest_route=%2Fwp%2Fv2%2Fcomments&post=560"}],"version-history":[{"count":12,"href":"http:\/\/heimag.net\/index.php?rest_route=\/wp\/v2\/pages\/560\/revisions"}],"predecessor-version":[{"id":745,"href":"http:\/\/heimag.net\/index.php?rest_route=\/wp\/v2\/pages\/560\/revisions\/745"}],"wp:attachment":[{"href":"http:\/\/heimag.net\/index.php?rest_route=%2Fwp%2Fv2%2Fmedia&parent=560"}],"curies":[{"name":"wp","href":"https:\/\/api.w.org\/{rel}","templated":true}]}}