{"id":411,"date":"2019-10-24T09:40:48","date_gmt":"2019-10-24T07:40:48","guid":{"rendered":"http:\/\/heimag.net\/?page_id=411"},"modified":"2019-11-08T16:49:21","modified_gmt":"2019-11-08T15:49:21","slug":"heins-wartung-und-instandhaltungsarbeiten","status":"publish","type":"page","link":"http:\/\/heimag.net\/?page_id=411","title":{"rendered":"Heins Wartung- und Instandhaltungsarbeiten"},"content":{"rendered":"<p><span style=\"font-size: 20px;\"><strong>Heins<\/strong>\u00a0<strong>Wartung- und Instandhaltungsarbeiten<\/strong><\/span><\/p>\n<hr \/>\n<p><span style=\"font-size: 14px;\">F\u00fcr Heins Maschinentechnik endet der Service nicht nur mit der Auslieferung und Inbetriebnahme.<\/span><br \/>\n<span style=\"font-size: 14px;\">Oft ist f\u00fcr uns eine gr\u00f6\u00dfere Reparatur die Grundlage f\u00fcr den Austausch von Anlagenkomponenten, die nicht mehr dem Stand der Technik entsprechen oder zu wiederholten l\u00e4ngeren Stillstandszeiten der Anlagen f\u00fchren. Ihre Anlagenf\u00fchrer und Techniker vor Ort kennen die St\u00e4rken und Schw\u00e4chen Ihrer Anlagen am besten. Gemeinsam mit ihnen erarbeiten wir Verbesserungsvorschl\u00e4ge.<\/span><\/p>\n<p><img loading=\"lazy\" decoding=\"async\" src=\"http:\/\/heimag.net\/wp-content\/uploads\/2019\/10\/imageedit_6_8116856065-300x255.jpg\" alt=\"\" width=\"300\" height=\"255\" class=\"alignnone size-medium wp-image-545\" srcset=\"http:\/\/heimag.net\/wp-content\/uploads\/2019\/10\/imageedit_6_8116856065-300x255.jpg 300w, http:\/\/heimag.net\/wp-content\/uploads\/2019\/10\/imageedit_6_8116856065-768x654.jpg 768w, http:\/\/heimag.net\/wp-content\/uploads\/2019\/10\/imageedit_6_8116856065.jpg 800w\" sizes=\"auto, (max-width: 300px) 100vw, 300px\" \/>\u00a0 \u00a0<span style=\"color: #3366ff; font-size: 14px;\">Service ist: Schnelle Reparatur &#8211; Austausch &#8211; Instandhaltung\u00a0<\/span><\/p>\n<p><span style=\"font-size: 14px;\">Flexibel auf besondere vorhandene Umst\u00e4nde reagieren zu k\u00f6nnen, selbst bei auf Kunden zugeschnittene Produkten, zeichnet uns und unsere Erfahrung aus. Wir nehmen neue technische Herausforderungen an, und in einem zweiten Schritt setzen wir diese auch zeitlich sehr flexibel um. <\/span><span style=\"font-size: 14px;\">In Abstimmung und unter Absprache mit Ihren Technik Verantwortlichen planen wir kleinere und gr\u00f6\u00dfere Instandhaltungs- und\/oder Modernisierungsarbeiten aus. Und auch wenn die Anlage einmal \u00fcberraschend ausf\u00e4llt stehen wir Ihnen kurzfristig zur Verf\u00fcgung um Produktionsverluste zu reduzieren. Flexibilit\u00e4t ist unsere St\u00e4rke.<\/span><\/p>\n<hr \/>\n<p><span style=\"font-size: 12px;\">Kontaktieren Sie uns einfach und teilen Sie uns Ihre individuellen W\u00fcnsche mit! Wir freuen uns auf Ihre Anfrage!<br \/>\nTelefon: 042 68 888 38 &#8211; 0<br \/>\nEmail: info(at)heimag.net<\/span><\/p>\n","protected":false},"excerpt":{"rendered":"<p>Heins\u00a0Wartung- und Instandhaltungsarbeiten F\u00fcr Heins Maschinentechnik endet der Service nicht nur mit der Auslieferung und Inbetriebnahme. Oft ist f\u00fcr uns eine gr\u00f6\u00dfere Reparatur die Grundlage f\u00fcr den Austausch von Anlagenkomponenten, die nicht mehr dem Stand der Technik entsprechen oder zu wiederholten l\u00e4ngeren Stillstandszeiten der Anlagen f\u00fchren. Ihre Anlagenf\u00fchrer und Techniker vor Ort kennen die St\u00e4rken<\/p>\n","protected":false},"author":1,"featured_media":0,"parent":0,"menu_order":0,"comment_status":"closed","ping_status":"open","template":"","meta":{"footnotes":""},"class_list":["post-411","page","type-page","status-publish","hentry"],"yoast_head":"<!-- This site is optimized with the Yoast SEO plugin v26.7 - https:\/\/yoast.com\/wordpress\/plugins\/seo\/ -->\n<title>Heins Wartung- und Instandhaltungsarbeiten - Heins Maschinentechnik<\/title>\n<meta name=\"robots\" content=\"index, follow, max-snippet:-1, max-image-preview:large, max-video-preview:-1\" \/>\n<link rel=\"canonical\" href=\"http:\/\/heimag.net\/?page_id=411\" \/>\n<meta property=\"og:locale\" content=\"de_DE\" \/>\n<meta property=\"og:type\" content=\"article\" \/>\n<meta property=\"og:title\" content=\"Heins Wartung- und Instandhaltungsarbeiten - Heins Maschinentechnik\" \/>\n<meta property=\"og:description\" content=\"Heins\u00a0Wartung- und Instandhaltungsarbeiten F\u00fcr Heins Maschinentechnik endet der Service nicht nur mit der Auslieferung und Inbetriebnahme. Oft ist f\u00fcr uns eine gr\u00f6\u00dfere Reparatur die Grundlage f\u00fcr den Austausch von Anlagenkomponenten, die nicht mehr dem Stand der Technik entsprechen oder zu wiederholten l\u00e4ngeren Stillstandszeiten der Anlagen f\u00fchren. Ihre Anlagenf\u00fchrer und Techniker vor Ort kennen die St\u00e4rken\" \/>\n<meta property=\"og:url\" content=\"http:\/\/heimag.net\/?page_id=411\" \/>\n<meta property=\"og:site_name\" content=\"Heins Maschinentechnik\" \/>\n<meta property=\"article:modified_time\" content=\"2019-11-08T15:49:21+00:00\" \/>\n<meta property=\"og:image\" content=\"http:\/\/heimag.net\/wp-content\/uploads\/2019\/10\/imageedit_6_8116856065-300x255.jpg\" \/>\n<meta name=\"twitter:card\" content=\"summary_large_image\" \/>\n<meta name=\"twitter:label1\" content=\"Gesch\u00e4tzte Lesezeit\" \/>\n\t<meta name=\"twitter:data1\" content=\"1\u00a0Minute\" \/>\n<script type=\"application\/ld+json\" class=\"yoast-schema-graph\">{\"@context\":\"https:\/\/schema.org\",\"@graph\":[{\"@type\":\"WebPage\",\"@id\":\"http:\/\/heimag.net\/?page_id=411\",\"url\":\"http:\/\/heimag.net\/?page_id=411\",\"name\":\"Heins Wartung- und Instandhaltungsarbeiten - Heins Maschinentechnik\",\"isPartOf\":{\"@id\":\"https:\/\/heimag.net\/#website\"},\"primaryImageOfPage\":{\"@id\":\"http:\/\/heimag.net\/?page_id=411#primaryimage\"},\"image\":{\"@id\":\"http:\/\/heimag.net\/?page_id=411#primaryimage\"},\"thumbnailUrl\":\"http:\/\/heimag.net\/wp-content\/uploads\/2019\/10\/imageedit_6_8116856065-300x255.jpg\",\"datePublished\":\"2019-10-24T07:40:48+00:00\",\"dateModified\":\"2019-11-08T15:49:21+00:00\",\"breadcrumb\":{\"@id\":\"http:\/\/heimag.net\/?page_id=411#breadcrumb\"},\"inLanguage\":\"de\",\"potentialAction\":[{\"@type\":\"ReadAction\",\"target\":[\"http:\/\/heimag.net\/?page_id=411\"]}]},{\"@type\":\"ImageObject\",\"inLanguage\":\"de\",\"@id\":\"http:\/\/heimag.net\/?page_id=411#primaryimage\",\"url\":\"http:\/\/heimag.net\/wp-content\/uploads\/2019\/10\/imageedit_6_8116856065.jpg\",\"contentUrl\":\"http:\/\/heimag.net\/wp-content\/uploads\/2019\/10\/imageedit_6_8116856065.jpg\",\"width\":800,\"height\":681},{\"@type\":\"BreadcrumbList\",\"@id\":\"http:\/\/heimag.net\/?page_id=411#breadcrumb\",\"itemListElement\":[{\"@type\":\"ListItem\",\"position\":1,\"name\":\"Startseite\",\"item\":\"https:\/\/heimag.net\/\"},{\"@type\":\"ListItem\",\"position\":2,\"name\":\"Heins Wartung- und Instandhaltungsarbeiten\"}]},{\"@type\":\"WebSite\",\"@id\":\"https:\/\/heimag.net\/#website\",\"url\":\"https:\/\/heimag.net\/\",\"name\":\"Heins Maschinentechnik\",\"description\":\"- Wir erwecken Metall zum Leben -\",\"publisher\":{\"@id\":\"https:\/\/heimag.net\/#organization\"},\"potentialAction\":[{\"@type\":\"SearchAction\",\"target\":{\"@type\":\"EntryPoint\",\"urlTemplate\":\"https:\/\/heimag.net\/?s={search_term_string}\"},\"query-input\":{\"@type\":\"PropertyValueSpecification\",\"valueRequired\":true,\"valueName\":\"search_term_string\"}}],\"inLanguage\":\"de\"},{\"@type\":\"Organization\",\"@id\":\"https:\/\/heimag.net\/#organization\",\"name\":\"Heins Maschinentechnik\",\"url\":\"https:\/\/heimag.net\/\",\"logo\":{\"@type\":\"ImageObject\",\"inLanguage\":\"de\",\"@id\":\"https:\/\/heimag.net\/#\/schema\/logo\/image\/\",\"url\":\"http:\/\/heimag.net\/wp-content\/uploads\/2019\/10\/cropped-Heimag_transp-1.png\",\"contentUrl\":\"http:\/\/heimag.net\/wp-content\/uploads\/2019\/10\/cropped-Heimag_transp-1.png\",\"width\":989,\"height\":278,\"caption\":\"Heins Maschinentechnik\"},\"image\":{\"@id\":\"https:\/\/heimag.net\/#\/schema\/logo\/image\/\"}}]}<\/script>\n<!-- \/ Yoast SEO plugin. -->","yoast_head_json":{"title":"Heins Wartung- und Instandhaltungsarbeiten - Heins Maschinentechnik","robots":{"index":"index","follow":"follow","max-snippet":"max-snippet:-1","max-image-preview":"max-image-preview:large","max-video-preview":"max-video-preview:-1"},"canonical":"http:\/\/heimag.net\/?page_id=411","og_locale":"de_DE","og_type":"article","og_title":"Heins Wartung- und Instandhaltungsarbeiten - Heins Maschinentechnik","og_description":"Heins\u00a0Wartung- und Instandhaltungsarbeiten F\u00fcr Heins Maschinentechnik endet der Service nicht nur mit der Auslieferung und Inbetriebnahme. Oft ist f\u00fcr uns eine gr\u00f6\u00dfere Reparatur die Grundlage f\u00fcr den Austausch von Anlagenkomponenten, die nicht mehr dem Stand der Technik entsprechen oder zu wiederholten l\u00e4ngeren Stillstandszeiten der Anlagen f\u00fchren. Ihre Anlagenf\u00fchrer und Techniker vor Ort kennen die St\u00e4rken","og_url":"http:\/\/heimag.net\/?page_id=411","og_site_name":"Heins Maschinentechnik","article_modified_time":"2019-11-08T15:49:21+00:00","og_image":[{"url":"http:\/\/heimag.net\/wp-content\/uploads\/2019\/10\/imageedit_6_8116856065-300x255.jpg","type":"","width":"","height":""}],"twitter_card":"summary_large_image","twitter_misc":{"Gesch\u00e4tzte Lesezeit":"1\u00a0Minute"},"schema":{"@context":"https:\/\/schema.org","@graph":[{"@type":"WebPage","@id":"http:\/\/heimag.net\/?page_id=411","url":"http:\/\/heimag.net\/?page_id=411","name":"Heins Wartung- und Instandhaltungsarbeiten - Heins Maschinentechnik","isPartOf":{"@id":"https:\/\/heimag.net\/#website"},"primaryImageOfPage":{"@id":"http:\/\/heimag.net\/?page_id=411#primaryimage"},"image":{"@id":"http:\/\/heimag.net\/?page_id=411#primaryimage"},"thumbnailUrl":"http:\/\/heimag.net\/wp-content\/uploads\/2019\/10\/imageedit_6_8116856065-300x255.jpg","datePublished":"2019-10-24T07:40:48+00:00","dateModified":"2019-11-08T15:49:21+00:00","breadcrumb":{"@id":"http:\/\/heimag.net\/?page_id=411#breadcrumb"},"inLanguage":"de","potentialAction":[{"@type":"ReadAction","target":["http:\/\/heimag.net\/?page_id=411"]}]},{"@type":"ImageObject","inLanguage":"de","@id":"http:\/\/heimag.net\/?page_id=411#primaryimage","url":"http:\/\/heimag.net\/wp-content\/uploads\/2019\/10\/imageedit_6_8116856065.jpg","contentUrl":"http:\/\/heimag.net\/wp-content\/uploads\/2019\/10\/imageedit_6_8116856065.jpg","width":800,"height":681},{"@type":"BreadcrumbList","@id":"http:\/\/heimag.net\/?page_id=411#breadcrumb","itemListElement":[{"@type":"ListItem","position":1,"name":"Startseite","item":"https:\/\/heimag.net\/"},{"@type":"ListItem","position":2,"name":"Heins Wartung- und Instandhaltungsarbeiten"}]},{"@type":"WebSite","@id":"https:\/\/heimag.net\/#website","url":"https:\/\/heimag.net\/","name":"Heins Maschinentechnik","description":"- Wir erwecken Metall zum Leben -","publisher":{"@id":"https:\/\/heimag.net\/#organization"},"potentialAction":[{"@type":"SearchAction","target":{"@type":"EntryPoint","urlTemplate":"https:\/\/heimag.net\/?s={search_term_string}"},"query-input":{"@type":"PropertyValueSpecification","valueRequired":true,"valueName":"search_term_string"}}],"inLanguage":"de"},{"@type":"Organization","@id":"https:\/\/heimag.net\/#organization","name":"Heins Maschinentechnik","url":"https:\/\/heimag.net\/","logo":{"@type":"ImageObject","inLanguage":"de","@id":"https:\/\/heimag.net\/#\/schema\/logo\/image\/","url":"http:\/\/heimag.net\/wp-content\/uploads\/2019\/10\/cropped-Heimag_transp-1.png","contentUrl":"http:\/\/heimag.net\/wp-content\/uploads\/2019\/10\/cropped-Heimag_transp-1.png","width":989,"height":278,"caption":"Heins Maschinentechnik"},"image":{"@id":"https:\/\/heimag.net\/#\/schema\/logo\/image\/"}}]}},"_links":{"self":[{"href":"http:\/\/heimag.net\/index.php?rest_route=\/wp\/v2\/pages\/411","targetHints":{"allow":["GET"]}}],"collection":[{"href":"http:\/\/heimag.net\/index.php?rest_route=\/wp\/v2\/pages"}],"about":[{"href":"http:\/\/heimag.net\/index.php?rest_route=\/wp\/v2\/types\/page"}],"author":[{"embeddable":true,"href":"http:\/\/heimag.net\/index.php?rest_route=\/wp\/v2\/users\/1"}],"replies":[{"embeddable":true,"href":"http:\/\/heimag.net\/index.php?rest_route=%2Fwp%2Fv2%2Fcomments&post=411"}],"version-history":[{"count":11,"href":"http:\/\/heimag.net\/index.php?rest_route=\/wp\/v2\/pages\/411\/revisions"}],"predecessor-version":[{"id":727,"href":"http:\/\/heimag.net\/index.php?rest_route=\/wp\/v2\/pages\/411\/revisions\/727"}],"wp:attachment":[{"href":"http:\/\/heimag.net\/index.php?rest_route=%2Fwp%2Fv2%2Fmedia&parent=411"}],"curies":[{"name":"wp","href":"https:\/\/api.w.org\/{rel}","templated":true}]}}