{"id":403,"date":"2019-10-24T08:42:34","date_gmt":"2019-10-24T06:42:34","guid":{"rendered":"http:\/\/heimag.net\/?page_id=403"},"modified":"2019-11-08T16:43:20","modified_gmt":"2019-11-08T15:43:20","slug":"heins-sonstige-arbeiten","status":"publish","type":"page","link":"http:\/\/heimag.net\/?page_id=403","title":{"rendered":"Heins Sonstige Leistungen und Arbeiten"},"content":{"rendered":"<p><span style=\"font-size: 20px;\"><strong>HEINS SONSTIGE LEISTUNGEN UND ARBEITEN<\/strong><\/span><\/p>\n<hr \/>\n<ul>\n<li><span style=\"font-size: 14px;\">Oberfl\u00e4chenbearbeitung<\/span><\/li>\n<li><a href=\"http:\/\/heimag.net\/?page_id=574\"><span style=\"font-size: 14px;\"><i class=\"fa fa-info-circle \" style=\"color: #000000;\"><\/i> Kanten und Schneiden von Blech<\/span><\/a><\/li>\n<li><a href=\"http:\/\/heimag.net\/?page_id=601\"><span style=\"font-size: 14px;\"> <i class=\"fa fa-info-circle \" style=\"color: #000000;\"><\/i> Wig Schwei\u00dfen Edelstahl<\/span><\/a><\/li>\n<li><a href=\"http:\/\/heimag.net\/?page_id=601\"><span style=\"font-size: 14px;\"> <i class=\"fa fa-info-circle \" style=\"color: #000000;\"><\/i> Mig\/Mag Schwei\u00dfen<\/span><\/a><\/li>\n<li><a href=\"http:\/\/heimag.net\/?page_id=601\"><span style=\"font-size: 14px;\"><i class=\"fa fa-info-circle \" style=\"color: #000000;\"><\/i>\u00a0Elektrodenschwei\u00dfen<\/span><\/a><\/li>\n<li><span style=\"font-size: 14px;\">Drehen<\/span><\/li>\n<li><span style=\"font-size: 14px;\">Fr\u00e4sen<\/span><\/li>\n<li><a href=\"http:\/\/heimag.net\/?page_id=586\"><span style=\"font-size: 14px;\"><i class=\"fa fa-info-circle \" style=\"color: #000000;\"><\/i>\u00a0Einzelteil- und Serienfertigung<\/span><\/a><\/li>\n<li><span style=\"font-size: 14px;\">Nutenziehen<\/span><\/li>\n<li><span style=\"font-size: 14px;\">Reparaturarbeiten<\/span><\/li>\n<li><span style=\"font-size: 14px;\">Prototypenbau<\/span><\/li>\n<li><a href=\"http:\/\/heimag.net\/?page_id=586\"><span style=\"font-size: 14px;\"><i class=\"fa fa-info-circle \" style=\"color: #000000;\"><\/i> Teilefertigung\u00a0<\/span><\/a><\/li>\n<li><span style=\"font-size: 14px;\"><i class=\"fa fa-info-circle \" style=\"color: #000000;\"><\/i> <a href=\"http:\/\/heimag.net\/?page_id=628\">Gel\u00e4nderbau<\/a><\/span><\/li>\n<li><span style=\"font-size: 14px;\">Richten<\/span><\/li>\n<li><span style=\"font-size: 14px;\">Sandstrahlen<\/span><\/li>\n<li><span style=\"font-size: 14px;\">Bohren<\/span><\/li>\n<li><a href=\"http:\/\/heimag.net\/?page_id=650\"><span style=\"font-size: 14px;\"><i class=\"fa fa-info-circle \" style=\"color: #000000;\"><\/i> S\u00e4gen und Schneiden<\/span><\/a><\/li>\n<li><a href=\"http:\/\/heimag.net\/?page_id=628\"><span style=\"font-size: 14px;\"><i class=\"fa fa-info-circle \" style=\"color: #000000;\"><\/i> Handlaufgel\u00e4nder<\/span><\/a><\/li>\n<li><a href=\"http:\/\/heimag.net\/?page_id=628\"><span style=\"font-size: 14px;\"><i class=\"fa fa-info-circle \" style=\"color: #000000;\"><\/i> Treppen und Podestbau<\/span><\/a><\/li>\n<li><span style=\"font-size: 14px;\">Walzen<\/span><\/li>\n<li><a href=\"http:\/\/heimag.net\/?page_id=560\"><span style=\"font-size: 14px;\"><i class=\"fa fa-info-circle \" style=\"color: #000000;\"><\/i> Knickf\u00f6rderb\u00e4nder<\/span><\/a><\/li>\n<li><a href=\"http:\/\/heimag.net\/?page_id=641\"><span style=\"font-size: 14px;\"><i class=\"fa fa-info-circle \" style=\"color: #000000;\"><\/i> F\u00f6rdertechnik<\/span><\/a><\/li>\n<\/ul>\n<hr \/>\n<p><span style=\"font-size: 12px;\">Kontaktieren Sie uns einfach und teilen Sie uns Ihre individuellen W\u00fcnsche mit! Wir freuen uns auf Ihre Anfrage!<br \/>\nTelefon: 042 68 888 38 &#8211; 0<br \/>\nEmail: info(at)heimag.net<\/span><\/p>\n","protected":false},"excerpt":{"rendered":"<p>HEINS SONSTIGE LEISTUNGEN UND ARBEITEN Oberfl\u00e4chenbearbeitung Kanten und Schneiden von Blech Wig Schwei\u00dfen Edelstahl Mig\/Mag Schwei\u00dfen \u00a0Elektrodenschwei\u00dfen Drehen Fr\u00e4sen \u00a0Einzelteil- und Serienfertigung Nutenziehen Reparaturarbeiten Prototypenbau Teilefertigung\u00a0 Gel\u00e4nderbau Richten Sandstrahlen Bohren S\u00e4gen und Schneiden Handlaufgel\u00e4nder Treppen und Podestbau Walzen Knickf\u00f6rderb\u00e4nder F\u00f6rdertechnik Kontaktieren Sie uns einfach und teilen Sie uns Ihre individuellen W\u00fcnsche mit! Wir freuen uns<\/p>\n","protected":false},"author":1,"featured_media":0,"parent":0,"menu_order":0,"comment_status":"closed","ping_status":"open","template":"","meta":{"footnotes":""},"class_list":["post-403","page","type-page","status-publish","hentry"],"yoast_head":"<!-- This site is optimized with the Yoast SEO plugin v26.7 - https:\/\/yoast.com\/wordpress\/plugins\/seo\/ -->\n<title>Heins Sonstige Leistungen und Arbeiten - Heins Maschinentechnik<\/title>\n<meta name=\"description\" content=\"Wir fertigen Metall und Schlosserarbeiten, nach ihren Vorstellungen. Wir verarbeiten Bleche im Stahl und Edelstahl. Es gibt grenzenlose M\u00f6glichkeiten - von speziellen M\u00f6belst\u00fcck\" \/>\n<meta name=\"robots\" content=\"index, follow, max-snippet:-1, max-image-preview:large, max-video-preview:-1\" \/>\n<link rel=\"canonical\" href=\"http:\/\/heimag.net\/?page_id=403\" \/>\n<meta property=\"og:locale\" content=\"de_DE\" \/>\n<meta property=\"og:type\" content=\"article\" \/>\n<meta property=\"og:title\" content=\"Heins Sonstige Leistungen und Arbeiten - Heins Maschinentechnik\" \/>\n<meta property=\"og:description\" content=\"Wir fertigen Metall und Schlosserarbeiten, nach ihren Vorstellungen. Wir verarbeiten Bleche im Stahl und Edelstahl. Es gibt grenzenlose M\u00f6glichkeiten - von speziellen M\u00f6belst\u00fcck\" \/>\n<meta property=\"og:url\" content=\"http:\/\/heimag.net\/?page_id=403\" \/>\n<meta property=\"og:site_name\" content=\"Heins Maschinentechnik\" \/>\n<meta property=\"article:modified_time\" content=\"2019-11-08T15:43:20+00:00\" \/>\n<meta name=\"twitter:card\" content=\"summary_large_image\" \/>\n<script type=\"application\/ld+json\" class=\"yoast-schema-graph\">{\"@context\":\"https:\/\/schema.org\",\"@graph\":[{\"@type\":\"WebPage\",\"@id\":\"http:\/\/heimag.net\/?page_id=403\",\"url\":\"http:\/\/heimag.net\/?page_id=403\",\"name\":\"Heins Sonstige Leistungen und Arbeiten - Heins Maschinentechnik\",\"isPartOf\":{\"@id\":\"https:\/\/heimag.net\/#website\"},\"datePublished\":\"2019-10-24T06:42:34+00:00\",\"dateModified\":\"2019-11-08T15:43:20+00:00\",\"description\":\"Wir fertigen Metall und Schlosserarbeiten, nach ihren Vorstellungen. Wir verarbeiten Bleche im Stahl und Edelstahl. Es gibt grenzenlose M\u00f6glichkeiten - von speziellen M\u00f6belst\u00fcck\",\"breadcrumb\":{\"@id\":\"http:\/\/heimag.net\/?page_id=403#breadcrumb\"},\"inLanguage\":\"de\",\"potentialAction\":[{\"@type\":\"ReadAction\",\"target\":[\"http:\/\/heimag.net\/?page_id=403\"]}]},{\"@type\":\"BreadcrumbList\",\"@id\":\"http:\/\/heimag.net\/?page_id=403#breadcrumb\",\"itemListElement\":[{\"@type\":\"ListItem\",\"position\":1,\"name\":\"Startseite\",\"item\":\"https:\/\/heimag.net\/\"},{\"@type\":\"ListItem\",\"position\":2,\"name\":\"Heins Sonstige Leistungen und Arbeiten\"}]},{\"@type\":\"WebSite\",\"@id\":\"https:\/\/heimag.net\/#website\",\"url\":\"https:\/\/heimag.net\/\",\"name\":\"Heins Maschinentechnik\",\"description\":\"- Wir erwecken Metall zum Leben -\",\"publisher\":{\"@id\":\"https:\/\/heimag.net\/#organization\"},\"potentialAction\":[{\"@type\":\"SearchAction\",\"target\":{\"@type\":\"EntryPoint\",\"urlTemplate\":\"https:\/\/heimag.net\/?s={search_term_string}\"},\"query-input\":{\"@type\":\"PropertyValueSpecification\",\"valueRequired\":true,\"valueName\":\"search_term_string\"}}],\"inLanguage\":\"de\"},{\"@type\":\"Organization\",\"@id\":\"https:\/\/heimag.net\/#organization\",\"name\":\"Heins Maschinentechnik\",\"url\":\"https:\/\/heimag.net\/\",\"logo\":{\"@type\":\"ImageObject\",\"inLanguage\":\"de\",\"@id\":\"https:\/\/heimag.net\/#\/schema\/logo\/image\/\",\"url\":\"http:\/\/heimag.net\/wp-content\/uploads\/2019\/10\/cropped-Heimag_transp-1.png\",\"contentUrl\":\"http:\/\/heimag.net\/wp-content\/uploads\/2019\/10\/cropped-Heimag_transp-1.png\",\"width\":989,\"height\":278,\"caption\":\"Heins Maschinentechnik\"},\"image\":{\"@id\":\"https:\/\/heimag.net\/#\/schema\/logo\/image\/\"}}]}<\/script>\n<!-- \/ Yoast SEO plugin. -->","yoast_head_json":{"title":"Heins Sonstige Leistungen und Arbeiten - Heins Maschinentechnik","description":"Wir fertigen Metall und Schlosserarbeiten, nach ihren Vorstellungen. Wir verarbeiten Bleche im Stahl und Edelstahl. Es gibt grenzenlose M\u00f6glichkeiten - von speziellen M\u00f6belst\u00fcck","robots":{"index":"index","follow":"follow","max-snippet":"max-snippet:-1","max-image-preview":"max-image-preview:large","max-video-preview":"max-video-preview:-1"},"canonical":"http:\/\/heimag.net\/?page_id=403","og_locale":"de_DE","og_type":"article","og_title":"Heins Sonstige Leistungen und Arbeiten - Heins Maschinentechnik","og_description":"Wir fertigen Metall und Schlosserarbeiten, nach ihren Vorstellungen. Wir verarbeiten Bleche im Stahl und Edelstahl. Es gibt grenzenlose M\u00f6glichkeiten - von speziellen M\u00f6belst\u00fcck","og_url":"http:\/\/heimag.net\/?page_id=403","og_site_name":"Heins Maschinentechnik","article_modified_time":"2019-11-08T15:43:20+00:00","twitter_card":"summary_large_image","schema":{"@context":"https:\/\/schema.org","@graph":[{"@type":"WebPage","@id":"http:\/\/heimag.net\/?page_id=403","url":"http:\/\/heimag.net\/?page_id=403","name":"Heins Sonstige Leistungen und Arbeiten - Heins Maschinentechnik","isPartOf":{"@id":"https:\/\/heimag.net\/#website"},"datePublished":"2019-10-24T06:42:34+00:00","dateModified":"2019-11-08T15:43:20+00:00","description":"Wir fertigen Metall und Schlosserarbeiten, nach ihren Vorstellungen. Wir verarbeiten Bleche im Stahl und Edelstahl. Es gibt grenzenlose M\u00f6glichkeiten - von speziellen M\u00f6belst\u00fcck","breadcrumb":{"@id":"http:\/\/heimag.net\/?page_id=403#breadcrumb"},"inLanguage":"de","potentialAction":[{"@type":"ReadAction","target":["http:\/\/heimag.net\/?page_id=403"]}]},{"@type":"BreadcrumbList","@id":"http:\/\/heimag.net\/?page_id=403#breadcrumb","itemListElement":[{"@type":"ListItem","position":1,"name":"Startseite","item":"https:\/\/heimag.net\/"},{"@type":"ListItem","position":2,"name":"Heins Sonstige Leistungen und Arbeiten"}]},{"@type":"WebSite","@id":"https:\/\/heimag.net\/#website","url":"https:\/\/heimag.net\/","name":"Heins Maschinentechnik","description":"- Wir erwecken Metall zum Leben -","publisher":{"@id":"https:\/\/heimag.net\/#organization"},"potentialAction":[{"@type":"SearchAction","target":{"@type":"EntryPoint","urlTemplate":"https:\/\/heimag.net\/?s={search_term_string}"},"query-input":{"@type":"PropertyValueSpecification","valueRequired":true,"valueName":"search_term_string"}}],"inLanguage":"de"},{"@type":"Organization","@id":"https:\/\/heimag.net\/#organization","name":"Heins Maschinentechnik","url":"https:\/\/heimag.net\/","logo":{"@type":"ImageObject","inLanguage":"de","@id":"https:\/\/heimag.net\/#\/schema\/logo\/image\/","url":"http:\/\/heimag.net\/wp-content\/uploads\/2019\/10\/cropped-Heimag_transp-1.png","contentUrl":"http:\/\/heimag.net\/wp-content\/uploads\/2019\/10\/cropped-Heimag_transp-1.png","width":989,"height":278,"caption":"Heins Maschinentechnik"},"image":{"@id":"https:\/\/heimag.net\/#\/schema\/logo\/image\/"}}]}},"_links":{"self":[{"href":"http:\/\/heimag.net\/index.php?rest_route=\/wp\/v2\/pages\/403","targetHints":{"allow":["GET"]}}],"collection":[{"href":"http:\/\/heimag.net\/index.php?rest_route=\/wp\/v2\/pages"}],"about":[{"href":"http:\/\/heimag.net\/index.php?rest_route=\/wp\/v2\/types\/page"}],"author":[{"embeddable":true,"href":"http:\/\/heimag.net\/index.php?rest_route=\/wp\/v2\/users\/1"}],"replies":[{"embeddable":true,"href":"http:\/\/heimag.net\/index.php?rest_route=%2Fwp%2Fv2%2Fcomments&post=403"}],"version-history":[{"count":46,"href":"http:\/\/heimag.net\/index.php?rest_route=\/wp\/v2\/pages\/403\/revisions"}],"predecessor-version":[{"id":725,"href":"http:\/\/heimag.net\/index.php?rest_route=\/wp\/v2\/pages\/403\/revisions\/725"}],"wp:attachment":[{"href":"http:\/\/heimag.net\/index.php?rest_route=%2Fwp%2Fv2%2Fmedia&parent=403"}],"curies":[{"name":"wp","href":"https:\/\/api.w.org\/{rel}","templated":true}]}}