{"id":365,"date":"2019-10-24T07:43:42","date_gmt":"2019-10-24T05:43:42","guid":{"rendered":"http:\/\/heimag.net\/?page_id=365"},"modified":"2019-11-11T09:30:59","modified_gmt":"2019-11-11T08:30:59","slug":"stahl-und-metallbau","status":"publish","type":"page","link":"http:\/\/heimag.net\/?page_id=365","title":{"rendered":"Heins Stahl- und Metallbau"},"content":{"rendered":"<p><span style=\"font-size: 20px;\"><strong>HEINS STAHL- UND METALLBAU\u00a0<\/strong><\/span><\/p>\n<hr \/>\n<p><span style=\"font-size: 14px;\">Stahl- und Metallkonstruktionen f\u00fcr Hallen, Geb\u00e4ude oder auch Erweiterungen und Anbauten. Fertigung von Podesten, Gel\u00e4ndern, Handl\u00e4ufen, Anfahrsch\u00fctzen, Treppenanlagen etc. werden nach Ihren W\u00fcnschen gefertigt. <\/span><\/p>\n<p><span style=\"font-size: 14px;\">Ob in Edelstahl f\u00fcr den Lebensmittelbereich, <\/span><span style=\"font-size: 14px;\">oder Stahl als Hauptkonstruktionstr\u00e4ger in lackiert, gepulvert oder verzinkter Ausf\u00fchrung, aber vielleicht auch Aluminium als leichtes Material f\u00fcr Werbetafeln und gewichtsreduzierter Konstruktionen.<br \/>\n<\/span><span style=\"font-size: 14px;\">Wir produzieren und montieren Stahl- und Metallkonstruktionen f\u00fcr Unternehmen, Jedermann und f\u00fcr \u00f6ffentliche Einrichtungen.\u00a0<\/span><\/p>\n<p><span style=\"font-size: 14px;\">Wir Planen und Fertigen nach Ihren W\u00fcnschen.\u00a0<\/span><\/p>\n<hr \/>\n<p><span style=\"font-size: 12px;\">Kontaktieren Sie uns einfach und teilen Sie uns Ihre individuellen W\u00fcnsche mit! Wir freuen uns auf Ihre Anfrage!<br \/>\nTelefon: 042 68 888 38 &#8211; 0<br \/>\nEmail: info(at)heimag.net<\/span><\/p>\n","protected":false},"excerpt":{"rendered":"<p>HEINS STAHL- UND METALLBAU\u00a0 Stahl- und Metallkonstruktionen f\u00fcr Hallen, Geb\u00e4ude oder auch Erweiterungen und Anbauten. Fertigung von Podesten, Gel\u00e4ndern, Handl\u00e4ufen, Anfahrsch\u00fctzen, Treppenanlagen etc. werden nach Ihren W\u00fcnschen gefertigt. Ob in Edelstahl f\u00fcr den Lebensmittelbereich, oder Stahl als Hauptkonstruktionstr\u00e4ger in lackiert, gepulvert oder verzinkter Ausf\u00fchrung, aber vielleicht auch Aluminium als leichtes Material f\u00fcr Werbetafeln und gewichtsreduzierter<\/p>\n","protected":false},"author":1,"featured_media":0,"parent":0,"menu_order":0,"comment_status":"closed","ping_status":"open","template":"","meta":{"footnotes":""},"class_list":["post-365","page","type-page","status-publish","hentry"],"yoast_head":"<!-- This site is optimized with the Yoast SEO plugin v26.7 - https:\/\/yoast.com\/wordpress\/plugins\/seo\/ -->\n<title>Heins Stahl- und Metallbau - Heins Maschinentechnik<\/title>\n<meta name=\"robots\" content=\"index, follow, max-snippet:-1, max-image-preview:large, max-video-preview:-1\" \/>\n<link rel=\"canonical\" href=\"http:\/\/heimag.net\/?page_id=365\" \/>\n<meta property=\"og:locale\" content=\"de_DE\" \/>\n<meta property=\"og:type\" content=\"article\" \/>\n<meta property=\"og:title\" content=\"Heins Stahl- und Metallbau - Heins Maschinentechnik\" \/>\n<meta property=\"og:description\" content=\"HEINS STAHL- UND METALLBAU\u00a0 Stahl- und Metallkonstruktionen f\u00fcr Hallen, Geb\u00e4ude oder auch Erweiterungen und Anbauten. Fertigung von Podesten, Gel\u00e4ndern, Handl\u00e4ufen, Anfahrsch\u00fctzen, Treppenanlagen etc. werden nach Ihren W\u00fcnschen gefertigt. Ob in Edelstahl f\u00fcr den Lebensmittelbereich, oder Stahl als Hauptkonstruktionstr\u00e4ger in lackiert, gepulvert oder verzinkter Ausf\u00fchrung, aber vielleicht auch Aluminium als leichtes Material f\u00fcr Werbetafeln und gewichtsreduzierter\" \/>\n<meta property=\"og:url\" content=\"http:\/\/heimag.net\/?page_id=365\" \/>\n<meta property=\"og:site_name\" content=\"Heins Maschinentechnik\" \/>\n<meta property=\"article:modified_time\" content=\"2019-11-11T08:30:59+00:00\" \/>\n<meta name=\"twitter:card\" content=\"summary_large_image\" \/>\n<meta name=\"twitter:label1\" content=\"Gesch\u00e4tzte Lesezeit\" \/>\n\t<meta name=\"twitter:data1\" content=\"1\u00a0Minute\" \/>\n<script type=\"application\/ld+json\" class=\"yoast-schema-graph\">{\"@context\":\"https:\/\/schema.org\",\"@graph\":[{\"@type\":\"WebPage\",\"@id\":\"http:\/\/heimag.net\/?page_id=365\",\"url\":\"http:\/\/heimag.net\/?page_id=365\",\"name\":\"Heins Stahl- und Metallbau - Heins Maschinentechnik\",\"isPartOf\":{\"@id\":\"http:\/\/heimag.net\/#website\"},\"datePublished\":\"2019-10-24T05:43:42+00:00\",\"dateModified\":\"2019-11-11T08:30:59+00:00\",\"breadcrumb\":{\"@id\":\"http:\/\/heimag.net\/?page_id=365#breadcrumb\"},\"inLanguage\":\"de\",\"potentialAction\":[{\"@type\":\"ReadAction\",\"target\":[\"http:\/\/heimag.net\/?page_id=365\"]}]},{\"@type\":\"BreadcrumbList\",\"@id\":\"http:\/\/heimag.net\/?page_id=365#breadcrumb\",\"itemListElement\":[{\"@type\":\"ListItem\",\"position\":1,\"name\":\"Startseite\",\"item\":\"http:\/\/heimag.net\/\"},{\"@type\":\"ListItem\",\"position\":2,\"name\":\"Heins Stahl- und Metallbau\"}]},{\"@type\":\"WebSite\",\"@id\":\"http:\/\/heimag.net\/#website\",\"url\":\"http:\/\/heimag.net\/\",\"name\":\"Heins Maschinentechnik\",\"description\":\"- Wir erwecken Metall zum Leben -\",\"publisher\":{\"@id\":\"http:\/\/heimag.net\/#organization\"},\"potentialAction\":[{\"@type\":\"SearchAction\",\"target\":{\"@type\":\"EntryPoint\",\"urlTemplate\":\"http:\/\/heimag.net\/?s={search_term_string}\"},\"query-input\":{\"@type\":\"PropertyValueSpecification\",\"valueRequired\":true,\"valueName\":\"search_term_string\"}}],\"inLanguage\":\"de\"},{\"@type\":\"Organization\",\"@id\":\"http:\/\/heimag.net\/#organization\",\"name\":\"Heins Maschinentechnik\",\"url\":\"http:\/\/heimag.net\/\",\"logo\":{\"@type\":\"ImageObject\",\"inLanguage\":\"de\",\"@id\":\"http:\/\/heimag.net\/#\/schema\/logo\/image\/\",\"url\":\"http:\/\/heimag.net\/wp-content\/uploads\/2019\/10\/cropped-Heimag_transp-1.png\",\"contentUrl\":\"http:\/\/heimag.net\/wp-content\/uploads\/2019\/10\/cropped-Heimag_transp-1.png\",\"width\":989,\"height\":278,\"caption\":\"Heins Maschinentechnik\"},\"image\":{\"@id\":\"http:\/\/heimag.net\/#\/schema\/logo\/image\/\"}}]}<\/script>\n<!-- \/ Yoast SEO plugin. -->","yoast_head_json":{"title":"Heins Stahl- und Metallbau - Heins Maschinentechnik","robots":{"index":"index","follow":"follow","max-snippet":"max-snippet:-1","max-image-preview":"max-image-preview:large","max-video-preview":"max-video-preview:-1"},"canonical":"http:\/\/heimag.net\/?page_id=365","og_locale":"de_DE","og_type":"article","og_title":"Heins Stahl- und Metallbau - Heins Maschinentechnik","og_description":"HEINS STAHL- UND METALLBAU\u00a0 Stahl- und Metallkonstruktionen f\u00fcr Hallen, Geb\u00e4ude oder auch Erweiterungen und Anbauten. Fertigung von Podesten, Gel\u00e4ndern, Handl\u00e4ufen, Anfahrsch\u00fctzen, Treppenanlagen etc. werden nach Ihren W\u00fcnschen gefertigt. Ob in Edelstahl f\u00fcr den Lebensmittelbereich, oder Stahl als Hauptkonstruktionstr\u00e4ger in lackiert, gepulvert oder verzinkter Ausf\u00fchrung, aber vielleicht auch Aluminium als leichtes Material f\u00fcr Werbetafeln und gewichtsreduzierter","og_url":"http:\/\/heimag.net\/?page_id=365","og_site_name":"Heins Maschinentechnik","article_modified_time":"2019-11-11T08:30:59+00:00","twitter_card":"summary_large_image","twitter_misc":{"Gesch\u00e4tzte Lesezeit":"1\u00a0Minute"},"schema":{"@context":"https:\/\/schema.org","@graph":[{"@type":"WebPage","@id":"http:\/\/heimag.net\/?page_id=365","url":"http:\/\/heimag.net\/?page_id=365","name":"Heins Stahl- und Metallbau - Heins Maschinentechnik","isPartOf":{"@id":"http:\/\/heimag.net\/#website"},"datePublished":"2019-10-24T05:43:42+00:00","dateModified":"2019-11-11T08:30:59+00:00","breadcrumb":{"@id":"http:\/\/heimag.net\/?page_id=365#breadcrumb"},"inLanguage":"de","potentialAction":[{"@type":"ReadAction","target":["http:\/\/heimag.net\/?page_id=365"]}]},{"@type":"BreadcrumbList","@id":"http:\/\/heimag.net\/?page_id=365#breadcrumb","itemListElement":[{"@type":"ListItem","position":1,"name":"Startseite","item":"http:\/\/heimag.net\/"},{"@type":"ListItem","position":2,"name":"Heins Stahl- und Metallbau"}]},{"@type":"WebSite","@id":"http:\/\/heimag.net\/#website","url":"http:\/\/heimag.net\/","name":"Heins Maschinentechnik","description":"- Wir erwecken Metall zum Leben -","publisher":{"@id":"http:\/\/heimag.net\/#organization"},"potentialAction":[{"@type":"SearchAction","target":{"@type":"EntryPoint","urlTemplate":"http:\/\/heimag.net\/?s={search_term_string}"},"query-input":{"@type":"PropertyValueSpecification","valueRequired":true,"valueName":"search_term_string"}}],"inLanguage":"de"},{"@type":"Organization","@id":"http:\/\/heimag.net\/#organization","name":"Heins Maschinentechnik","url":"http:\/\/heimag.net\/","logo":{"@type":"ImageObject","inLanguage":"de","@id":"http:\/\/heimag.net\/#\/schema\/logo\/image\/","url":"http:\/\/heimag.net\/wp-content\/uploads\/2019\/10\/cropped-Heimag_transp-1.png","contentUrl":"http:\/\/heimag.net\/wp-content\/uploads\/2019\/10\/cropped-Heimag_transp-1.png","width":989,"height":278,"caption":"Heins Maschinentechnik"},"image":{"@id":"http:\/\/heimag.net\/#\/schema\/logo\/image\/"}}]}},"_links":{"self":[{"href":"http:\/\/heimag.net\/index.php?rest_route=\/wp\/v2\/pages\/365","targetHints":{"allow":["GET"]}}],"collection":[{"href":"http:\/\/heimag.net\/index.php?rest_route=\/wp\/v2\/pages"}],"about":[{"href":"http:\/\/heimag.net\/index.php?rest_route=\/wp\/v2\/types\/page"}],"author":[{"embeddable":true,"href":"http:\/\/heimag.net\/index.php?rest_route=\/wp\/v2\/users\/1"}],"replies":[{"embeddable":true,"href":"http:\/\/heimag.net\/index.php?rest_route=%2Fwp%2Fv2%2Fcomments&post=365"}],"version-history":[{"count":24,"href":"http:\/\/heimag.net\/index.php?rest_route=\/wp\/v2\/pages\/365\/revisions"}],"predecessor-version":[{"id":753,"href":"http:\/\/heimag.net\/index.php?rest_route=\/wp\/v2\/pages\/365\/revisions\/753"}],"wp:attachment":[{"href":"http:\/\/heimag.net\/index.php?rest_route=%2Fwp%2Fv2%2Fmedia&parent=365"}],"curies":[{"name":"wp","href":"https:\/\/api.w.org\/{rel}","templated":true}]}}